{"id":45,"date":"2022-05-18T19:15:24","date_gmt":"2022-05-18T19:15:24","guid":{"rendered":"https:\/\/ethon.gr\/?page_id=45"},"modified":"2025-04-28T20:15:54","modified_gmt":"2025-04-28T22:15:54","slug":"excursions","status":"publish","type":"page","link":"https:\/\/ethon.gr\/de\/excursions\/","title":{"rendered":"Ausfl\u00fcge"},"content":{"rendered":"<h1>\n\t\t\t\t\tAusfl\u00fcge<br \/>\n\t\t\t\t\t\t\t\t\t\t\t<\/h1>\n<p>GENIESSEN SIE GANZT\u00c4GIGE AUSFL\u00dcGE UND ERHALTEN SIE DIE CHANCE, KRETA MIT UNS ZU ERKUNDEN!<\/p>\n<p>\t\t\t\t\t\t\t\t<img fetchpriority=\"high\" decoding=\"async\" width=\"800\" height=\"601\" src=\"https:\/\/ethon.gr\/wp-content\/uploads\/2022\/05\/Agios-Nikolaos.jpg\" alt=\"\" \/><br \/>\n\t\t\t\t\t<a href=\"https:\/\/ethon.gr\/wp-content\/uploads\/2022\/05\/Agios-Nikolaos.jpg\" data-elementor-open-lightbox=\"yes\" data-elementor-lightbox-slideshow=\"4234a47\" data-elementor-lightbox-title=\"\"><br \/>\n\t\t\t\t\t<\/a><br \/>\n\t\t\t\t\t\t\t\t\tAgios Nikolaos<br \/>\n\t\t\t\t\t\t\t\t<img decoding=\"async\" width=\"800\" height=\"533\" src=\"https:\/\/ethon.gr\/wp-content\/uploads\/2022\/05\/Elafonisos.jpg\" alt=\"\" \/><br \/>\n\t\t\t\t\t<a href=\"https:\/\/ethon.gr\/wp-content\/uploads\/2022\/05\/Elafonisos.jpg\" data-elementor-open-lightbox=\"yes\" data-elementor-lightbox-slideshow=\"4234a47\" data-elementor-lightbox-title=\"\"><br \/>\n\t\t\t\t\t<\/a><br \/>\n\t\t\t\t\t\t\t\t\tElafonisos<br \/>\n\t\t\t\t\t\t\t\t<img decoding=\"async\" width=\"800\" height=\"600\" src=\"https:\/\/ethon.gr\/wp-content\/uploads\/2022\/05\/Frangokastelo.jpg\" alt=\"\" \/><br \/>\n\t\t\t\t\t<a href=\"https:\/\/ethon.gr\/wp-content\/uploads\/2022\/05\/Frangokastelo.jpg\" data-elementor-open-lightbox=\"yes\" data-elementor-lightbox-slideshow=\"4234a47\" data-elementor-lightbox-title=\"\"><br \/>\n\t\t\t\t\t<\/a><br \/>\n\t\t\t\t\t\t\t\t\tFrangokastelo<br \/>\n\t\t\t\t\t\t\t\t<img loading=\"lazy\" decoding=\"async\" width=\"1600\" height=\"1080\" src=\"https:\/\/ethon.gr\/wp-content\/uploads\/2022\/05\/balos-gramvousa.jpeg\" alt=\"balos-gramvousa\" \/><br \/>\n\t\t\t\t\t<a href=\"https:\/\/ethon.gr\/wp-content\/uploads\/2022\/05\/balos-gramvousa.jpeg\" data-elementor-open-lightbox=\"yes\" data-elementor-lightbox-slideshow=\"4234a47\" data-elementor-lightbox-title=\"\"><br \/>\n\t\t\t\t\t<\/a><br \/>\n\t\t\t\t\t\t\t\t\tGramvousa-Balos<br \/>\n\t\t\t\t\t\t\t\t<img loading=\"lazy\" decoding=\"async\" width=\"800\" height=\"450\" src=\"https:\/\/ethon.gr\/wp-content\/uploads\/2022\/05\/Imbros.jpg\" alt=\"\" \/><br \/>\n\t\t\t\t\t<a href=\"https:\/\/ethon.gr\/wp-content\/uploads\/2022\/05\/Imbros.jpg\" data-elementor-open-lightbox=\"yes\" data-elementor-lightbox-slideshow=\"4234a47\" data-elementor-lightbox-title=\"\"><br \/>\n\t\t\t\t\t<\/a><br \/>\n\t\t\t\t\t\t\t\t\tImbros Gorge<br \/>\n\t\t\t\t\t\t\t\t<img loading=\"lazy\" decoding=\"async\" width=\"800\" height=\"600\" src=\"https:\/\/ethon.gr\/wp-content\/uploads\/2022\/05\/Knossos.jpg\" alt=\"\" \/><br \/>\n\t\t\t\t\t<a href=\"https:\/\/ethon.gr\/wp-content\/uploads\/2022\/05\/Knossos.jpg\" data-elementor-open-lightbox=\"yes\" data-elementor-lightbox-slideshow=\"4234a47\" data-elementor-lightbox-title=\"\"><br \/>\n\t\t\t\t\t<\/a><br \/>\n\t\t\t\t\t\t\t\t\tKnossos<br \/>\n\t\t\t\t\t\t\t\t<img loading=\"lazy\" decoding=\"async\" width=\"800\" height=\"533\" src=\"https:\/\/ethon.gr\/wp-content\/uploads\/2022\/05\/Kournas-Lake.jpg\" alt=\"\" \/><br \/>\n\t\t\t\t\t<a href=\"https:\/\/ethon.gr\/wp-content\/uploads\/2022\/05\/Kournas-Lake.jpg\" data-elementor-open-lightbox=\"yes\" data-elementor-lightbox-slideshow=\"4234a47\" data-elementor-lightbox-title=\"\"><br \/>\n\t\t\t\t\t<\/a><br \/>\n\t\t\t\t\t\t\t\t\tKournas Lake &#8211; Chania<br \/>\n\t\t\t\t\t\t\t\t<img loading=\"lazy\" decoding=\"async\" width=\"800\" height=\"558\" src=\"https:\/\/ethon.gr\/wp-content\/uploads\/2022\/05\/Preveli.jpg\" alt=\"\" \/><br \/>\n\t\t\t\t\t<a href=\"https:\/\/ethon.gr\/wp-content\/uploads\/2022\/05\/Preveli.jpg\" data-elementor-open-lightbox=\"yes\" data-elementor-lightbox-slideshow=\"4234a47\" data-elementor-lightbox-title=\"\"><br \/>\n\t\t\t\t\t<\/a><br \/>\n\t\t\t\t\t\t\t\t\tPalm Beach &#8211; Preveli<br \/>\n\t\t\t\t\t\t\t\t<img loading=\"lazy\" decoding=\"async\" width=\"800\" height=\"587\" src=\"https:\/\/ethon.gr\/wp-content\/uploads\/2022\/05\/Safari.jpg\" alt=\"\" \/><br \/>\n\t\t\t\t\t<a href=\"https:\/\/ethon.gr\/wp-content\/uploads\/2022\/05\/Safari.jpg\" data-elementor-open-lightbox=\"yes\" data-elementor-lightbox-slideshow=\"4234a47\" data-elementor-lightbox-title=\"\"><br \/>\n\t\t\t\t\t<\/a><br \/>\n\t\t\t\t\t\t\t\t\tPhoto Safari &#8211; South Trip<br \/>\n\t\t\t\t\t\t\t\t<img loading=\"lazy\" decoding=\"async\" width=\"800\" height=\"500\" src=\"https:\/\/ethon.gr\/wp-content\/uploads\/2022\/05\/Samaria-Gorge.jpg\" alt=\"\" \/><br \/>\n\t\t\t\t\t<a href=\"https:\/\/ethon.gr\/wp-content\/uploads\/2022\/05\/Samaria-Gorge.jpg\" data-elementor-open-lightbox=\"yes\" data-elementor-lightbox-slideshow=\"4234a47\" data-elementor-lightbox-title=\"\"><br \/>\n\t\t\t\t\t<\/a><br \/>\n\t\t\t\t\t\t\t\t\tSamaria Gorge<br \/>\n\t\t\t\t\t\t\t\t<img loading=\"lazy\" decoding=\"async\" width=\"800\" height=\"441\" src=\"https:\/\/ethon.gr\/wp-content\/uploads\/2022\/05\/Santorini.jpg\" alt=\"\" \/><br \/>\n\t\t\t\t\t<a href=\"https:\/\/ethon.gr\/wp-content\/uploads\/2022\/05\/Santorini.jpg\" data-elementor-open-lightbox=\"yes\" data-elementor-lightbox-slideshow=\"4234a47\" data-elementor-lightbox-title=\"\"><br \/>\n\t\t\t\t\t<\/a><br \/>\n\t\t\t\t\t\t\t\t\tSantorini<br \/>\n\t\t\t\t\t\t\t\t<img loading=\"lazy\" decoding=\"async\" width=\"800\" height=\"518\" src=\"https:\/\/ethon.gr\/wp-content\/uploads\/2022\/05\/Spili.jpg\" alt=\"\" \/><br \/>\n\t\t\t\t\t<a href=\"https:\/\/ethon.gr\/wp-content\/uploads\/2022\/05\/Spili.jpg\" data-elementor-open-lightbox=\"yes\" data-elementor-lightbox-slideshow=\"4234a47\" data-elementor-lightbox-title=\"\"><br \/>\n\t\t\t\t\t<\/a><br \/>\n\t\t\t\t\t\t\t\t\tCretan Villages<br \/>\n\t\t\t\t\t\t\t\t<img loading=\"lazy\" decoding=\"async\" width=\"800\" height=\"364\" src=\"https:\/\/ethon.gr\/wp-content\/uploads\/2022\/05\/Spinalonga.jpg\" alt=\"\" \/><br \/>\n\t\t\t\t\t<a href=\"https:\/\/ethon.gr\/wp-content\/uploads\/2022\/05\/Spinalonga.jpg\" data-elementor-open-lightbox=\"yes\" data-elementor-lightbox-slideshow=\"4234a47\" data-elementor-lightbox-title=\"\"><br \/>\n\t\t\t\t\t<\/a><br \/>\n\t\t\t\t\t\t\t\t\tSpinalonga<br \/>\n\t\t\t\t\t\t\t\t<img loading=\"lazy\" decoding=\"async\" width=\"800\" height=\"600\" src=\"https:\/\/ethon.gr\/wp-content\/uploads\/2022\/05\/Vai.jpg\" alt=\"Vai\" \/><br \/>\n\t\t\t\t\t<a href=\"https:\/\/ethon.gr\/wp-content\/uploads\/2022\/05\/Vai.jpg\" data-elementor-open-lightbox=\"yes\" data-elementor-lightbox-slideshow=\"4234a47\" data-elementor-lightbox-title=\"\"><br \/>\n\t\t\t\t\t<\/a><br \/>\n\t\t\t\t\t\t\t\t\tVai<br \/>\n\t\t\t\t\t\t\t\t<img loading=\"lazy\" decoding=\"async\" width=\"800\" height=\"468\" src=\"https:\/\/ethon.gr\/wp-content\/uploads\/2022\/05\/Waterpark.jpg\" alt=\"Waterpark\" \/><br \/>\n\t\t\t\t\t<a href=\"https:\/\/ethon.gr\/wp-content\/uploads\/2022\/05\/Waterpark.jpg\" data-elementor-open-lightbox=\"yes\" data-elementor-lightbox-slideshow=\"4234a47\" data-elementor-lightbox-title=\"\"><br \/>\n\t\t\t\t\t<\/a><br \/>\n\t\t\t\t\t\t\t\t\tWater Park<\/p>\n<p><strong>Email: ethon@otenet.gr<\/strong><\/p>\n<p><strong>Tel: +30 28250 61 432<\/strong><\/p>\n<p><strong>Address: Georgioupolis, GR 73007 Chania &#8211; Crete<\/strong><\/p>\n<p><strong>Ethon General Tourist Office<\/strong><\/p>\n<p>AUTHORISATION NUMBER:\u00a01042E81000144400<\/p>\n<p><strong>\u00a9 <\/strong><strong>ETHON SKOUVAS IKE<\/strong><\/p>\n","protected":false},"excerpt":{"rendered":"<p>Ausfl\u00fcge GENIESSEN SIE GANZT\u00c4GIGE AUSFL\u00dcGE UND ERHALTEN SIE DIE CHANCE, KRETA MIT UNS ZU ERKUNDEN! Agios Nikolaos Elafonisos Frangokastelo Gramvousa-Balos Imbros Gorge Knossos Kournas Lake &#8211; Chania Palm Beach &#8211; Preveli Photo Safari &#8211; South Trip Samaria Gorge Santorini Cretan Villages Spinalonga Vai Water Park Email: ethon@otenet.gr Tel: +30 28250 61 432 Address: Georgioupolis, GR &#8230; <a title=\"Ausfl\u00fcge\" class=\"read-more\" href=\"https:\/\/ethon.gr\/de\/excursions\/\" aria-label=\"Read more about Ausfl\u00fcge\">Read more<\/a><\/p>\n","protected":false},"author":1,"featured_media":0,"parent":0,"menu_order":0,"comment_status":"closed","ping_status":"closed","template":"","meta":{"footnotes":""},"class_list":["post-45","page","type-page","status-publish"],"translation":{"provider":"WPGlobus","version":"3.0.0","language":"de","enabled_languages":["en","de","fr"],"languages":{"en":{"title":true,"content":true,"excerpt":false},"de":{"title":true,"content":true,"excerpt":false},"fr":{"title":true,"content":true,"excerpt":false}}},"aioseo_notices":[],"_links":{"self":[{"href":"https:\/\/ethon.gr\/de\/wp-json\/wp\/v2\/pages\/45","targetHints":{"allow":["GET"]}}],"collection":[{"href":"https:\/\/ethon.gr\/de\/wp-json\/wp\/v2\/pages"}],"about":[{"href":"https:\/\/ethon.gr\/de\/wp-json\/wp\/v2\/types\/page"}],"author":[{"embeddable":true,"href":"https:\/\/ethon.gr\/de\/wp-json\/wp\/v2\/users\/1"}],"replies":[{"embeddable":true,"href":"https:\/\/ethon.gr\/de\/wp-json\/wp\/v2\/comments?post=45"}],"version-history":[{"count":127,"href":"https:\/\/ethon.gr\/de\/wp-json\/wp\/v2\/pages\/45\/revisions"}],"predecessor-version":[{"id":3555,"href":"https:\/\/ethon.gr\/de\/wp-json\/wp\/v2\/pages\/45\/revisions\/3555"}],"wp:attachment":[{"href":"https:\/\/ethon.gr\/de\/wp-json\/wp\/v2\/media?parent=45"}],"curies":[{"name":"wp","href":"https:\/\/api.w.org\/{rel}","templated":true}]}}