{"id":456,"date":"2022-05-18T20:58:00","date_gmt":"2022-05-18T20:58:00","guid":{"rendered":"https:\/\/ethon.gr\/?page_id=456"},"modified":"2025-04-28T20:29:48","modified_gmt":"2025-04-28T22:29:48","slug":"home","status":"publish","type":"page","link":"https:\/\/ethon.gr\/de\/","title":{"rendered":"Startseite"},"content":{"rendered":"<h1>Ethon Auto- und Motorradvermietung<\/h1>\n<p>Ethon Rent &#8211; Autovermietung, Ausfl\u00fcge und Safari<\/p>\n<p>\t\t\t\t\t<a href=\"https:\/\/ethon.gr\/neo\/de\/contact\/#reservation\" target=\"_blank\"><br \/>\n\t\t\t\t\t\t\t\t\tReservieren<br \/>\n\t\t\t\t\t<\/a><\/p>\n<h2>Was wir anbieten<\/h2>\n<p>\t\t\t\t\t\t\t\t<a data-elementor-open-lightbox=\"yes\" data-elementor-lightbox-slideshow=\"aaf9f45\" data-e-action-hash=\"#elementor-action%3Aaction%3Dlightbox%26settings%3DeyJpZCI6NTQyLCJ1cmwiOiJodHRwczpcL1wvZXRob24uZ3JcL3dwLWNvbnRlbnRcL3VwbG9hZHNcLzIwMjJcLzA1XC9QZXVnZW90LTEwOC1DYWJyaW8uanBnIiwic2xpZGVzaG93IjoiYWFmOWY0NSJ9\" href=\"https:\/\/ethon.gr\/neo\/de\/rent-a-car\/\"><\/p>\n<figure><img decoding=\"async\" src=\"https:\/\/ethon.gr\/wp-content\/uploads\/elementor\/thumbs\/Peugeot-108-Cabrio-pp7cp0qaa9cw8chkguw7zcebymuexj97dgoz03237c.jpg\" alt=\"Peugeot 108 Cabrio\" \/><\/figure>\n<p><\/a><a data-elementor-open-lightbox=\"yes\" data-elementor-lightbox-slideshow=\"aaf9f45\" data-e-action-hash=\"#elementor-action%3Aaction%3Dlightbox%26settings%3DeyJpZCI6NTM4LCJ1cmwiOiJodHRwczpcL1wvZXRob24uZ3JcL3dwLWNvbnRlbnRcL3VwbG9hZHNcLzIwMjJcLzA1XC9PcGVsLUFzdHJhLUNhYnJpby0xLjYuanBnIiwic2xpZGVzaG93IjoiYWFmOWY0NSJ9\" href=\"https:\/\/ethon.gr\/neo\/de\/rent-a-car\/\"><\/p>\n<figure><img decoding=\"async\" src=\"https:\/\/ethon.gr\/wp-content\/uploads\/elementor\/thumbs\/Opel-Astra-Cabrio-1.6-pp7cos9qkr1bbutuu98kuwj6m60409bmcatlolemrc.jpg\" alt=\"Opel Astra Cabrio 1.6\" \/><\/figure>\n<p><\/a><a data-elementor-open-lightbox=\"yes\" data-elementor-lightbox-slideshow=\"aaf9f45\" data-e-action-hash=\"#elementor-action%3Aaction%3Dlightbox%26settings%3DeyJpZCI6NTE1LCJ1cmwiOiJodHRwczpcL1wvZXRob24uZ3JcL3dwLWNvbnRlbnRcL3VwbG9hZHNcLzIwMjJcLzA1XC9GaWF0LURvYmxvLTctU2VhdHMuanBnIiwic2xpZGVzaG93IjoiYWFmOWY0NSJ9\" href=\"https:\/\/ethon.gr\/neo\/de\/rent-a-car\/\"><\/p>\n<figure><img decoding=\"async\" src=\"https:\/\/ethon.gr\/wp-content\/uploads\/elementor\/thumbs\/Fiat-Doblo-7-Seats-pp7cnegaij548iu7x5pcor3r4qtnoatuhg8v8xghx4.jpg\" alt=\"Fiat Doblo 7 Seats\" \/><\/figure>\n<p><\/a><a data-elementor-open-lightbox=\"yes\" data-elementor-lightbox-slideshow=\"aaf9f45\" data-e-action-hash=\"#elementor-action%3Aaction%3Dlightbox%26settings%3DeyJpZCI6ODE3LCJ1cmwiOiJodHRwczpcL1wvZXRob24uZ3JcL3dwLWNvbnRlbnRcL3VwbG9hZHNcLzIwMjJcLzA1XC9DaGV2cm9sZXQtTWF0aXotT3Blbi0xLmpwZyIsInNsaWRlc2hvdyI6ImFhZjlmNDUifQ%3D%3D\" href=\"https:\/\/ethon.gr\/neo\/de\/rent-a-car\/\"><\/p>\n<figure><img decoding=\"async\" src=\"https:\/\/ethon.gr\/wp-content\/uploads\/elementor\/thumbs\/Chevrolet-Matiz-Open-1-ppb06n0hrfbq5qn4ghoe8byft5ftfue7upaazuh29k.jpg\" alt=\"Chevrolet-Matiz-Open.jpg\" \/><\/figure>\n<p><\/a>\t\t\t<\/p>\n<h3><a href=\"https:\/\/ethon.gr\/neo\/de\/rent-a-car\/\">Autovermietung<\/a><\/h3>\n<p>Wir bieten tolle Preise auf allen Autotypen, darunter Luxusautos, Minivans, Kleinbusse, SUV, Schaltung, Automatik oder Kabriolett, Sie k\u00f6nnen w\u00e4hlen! Mit unserem mehrsprachigem Service 7 Tage die Woche finden Sie die besten Mietwagenpreise, wann immer Sie wollen !<\/p>\n<p>\t\t\t\t\t\t\t\t<a data-elementor-open-lightbox=\"yes\" data-elementor-lightbox-slideshow=\"e36e01c\" data-e-action-hash=\"#elementor-action%3Aaction%3Dlightbox%26settings%3DeyJpZCI6NjM5LCJ1cmwiOiJodHRwczpcL1wvZXRob24uZ3JcL3dwLWNvbnRlbnRcL3VwbG9hZHNcLzIwMjJcLzA1XC9ZYW1haGEtWFQtNjYwLmpwZyIsInNsaWRlc2hvdyI6ImUzNmUwMWMifQ%3D%3D\" href=\"https:\/\/ethon.gr\/neo\/de\/rent-a-bike\/\"><\/p>\n<figure><img decoding=\"async\" src=\"https:\/\/ethon.gr\/wp-content\/uploads\/elementor\/thumbs\/Yamaha-XT-660-pp90120v3nfhrjryio68otmthslfvw64puykttxpdk.jpg\" alt=\"Yamaha XT 660\" \/><\/figure>\n<p><\/a><a data-elementor-open-lightbox=\"yes\" data-elementor-lightbox-slideshow=\"e36e01c\" data-e-action-hash=\"#elementor-action%3Aaction%3Dlightbox%26settings%3DeyJpZCI6NjM3LCJ1cmwiOiJodHRwczpcL1wvZXRob24uZ3JcL3dwLWNvbnRlbnRcL3VwbG9hZHNcLzIwMjJcLzA1XC9TWU0tU3ltcGhvbnktMTI1LmpwZyIsInNsaWRlc2hvdyI6ImUzNmUwMWMifQ%3D%3D\" href=\"https:\/\/ethon.gr\/neo\/de\/rent-a-bike\/\"><\/p>\n<figure><img decoding=\"async\" src=\"https:\/\/ethon.gr\/wp-content\/uploads\/elementor\/thumbs\/SYM-Symphony-125-pp900y9icbach3xf4mjqeukz493z13r7dccmwq3a2g.jpg\" alt=\"SYM Symphony 125\" \/><\/figure>\n<p><\/a><a data-elementor-open-lightbox=\"yes\" data-elementor-lightbox-slideshow=\"e36e01c\" data-e-action-hash=\"#elementor-action%3Aaction%3Dlightbox%26settings%3DeyJpZCI6NjI5LCJ1cmwiOiJodHRwczpcL1wvZXRob24uZ3JcL3dwLWNvbnRlbnRcL3VwbG9hZHNcLzIwMjJcLzA1XC9QaWFnZ2lvLUJldmVybHktMjUwLmpwZyIsInNsaWRlc2hvdyI6ImUzNmUwMWMifQ%3D%3D\" href=\"https:\/\/ethon.gr\/neo\/de\/rent-a-bike\/\"><\/p>\n<figure><img decoding=\"async\" src=\"https:\/\/ethon.gr\/wp-content\/uploads\/elementor\/thumbs\/Piaggio-Beverly-250-pp90054igg6gh73quryarjxopb3lehjixc4l15ahfc.jpg\" alt=\"Piaggio Beverly 250\" \/><\/figure>\n<p><\/a><a data-elementor-open-lightbox=\"yes\" data-elementor-lightbox-slideshow=\"e36e01c\" data-e-action-hash=\"#elementor-action%3Aaction%3Dlightbox%26settings%3DeyJpZCI6NjMzLCJ1cmwiOiJodHRwczpcL1wvZXRob24uZ3JcL3dwLWNvbnRlbnRcL3VwbG9hZHNcLzIwMjJcLzA1XC9QaWFnZ2lvLUxpYmVydHktMTI1LmpwZyIsInNsaWRlc2hvdyI6ImUzNmUwMWMifQ%3D%3D\" href=\"https:\/\/ethon.gr\/neo\/de\/rent-a-bike\/\"><\/p>\n<figure><img decoding=\"async\" src=\"https:\/\/ethon.gr\/wp-content\/uploads\/elementor\/thumbs\/Piaggio-Liberty-125-pp900hcexan6o4lzvf8g5yuofbfd6jw1b0lw9qsd6g.jpg\" alt=\"Piaggio Liberty 125\" \/><\/figure>\n<p><\/a>\t\t\t<\/p>\n<h3><a href=\"https:\/\/ethon.gr\/neo\/de\/rent-a-bike\/\">Motorradvermietung<\/a><\/h3>\n<p>Vermittlung von Fahrrad- oder Motorradvermietung in Georgioupolis &#8211; Apokoronas, Wir bieten tolle Preise auf allen Motorradtypen, einschliesslich Enduros, Mopeds, ATVs, Automatik oder Schaltung in vielen attraktiven Farben, Sie k\u00f6nnen w\u00e4hlen !<\/p>\n<p>\t\t\t\t\t\t\t\t<a data-elementor-open-lightbox=\"yes\" data-elementor-lightbox-slideshow=\"22af5ad\" data-e-action-hash=\"#elementor-action%3Aaction%3Dlightbox%26settings%3DeyJpZCI6OTIyLCJ1cmwiOiJodHRwczpcL1wvZXRob24uZ3JcL3dwLWNvbnRlbnRcL3VwbG9hZHNcLzIwMjJcLzA1XC9iYWxvcy1ncmFtdm91c2EuanBlZyIsInNsaWRlc2hvdyI6IjIyYWY1YWQifQ%3D%3D\" href=\"https:\/\/ethon.gr\/neo\/de\/excursions\/\"><\/p>\n<figure><img decoding=\"async\" src=\"https:\/\/ethon.gr\/wp-content\/uploads\/elementor\/thumbs\/balos-gramvousa-ppdwsgowjgge8qklosf08jf53m64p5gfxsw4pcujso.jpeg\" alt=\"balos-gramvousa\" \/><\/figure>\n<p><\/a><a data-elementor-open-lightbox=\"yes\" data-elementor-lightbox-slideshow=\"22af5ad\" data-e-action-hash=\"#elementor-action%3Aaction%3Dlightbox%26settings%3DeyJpZCI6OTExLCJ1cmwiOiJodHRwczpcL1wvZXRob24uZ3JcL3dwLWNvbnRlbnRcL3VwbG9hZHNcLzIwMjJcLzA1XC9TcGlsaS5qcGciLCJzbGlkZXNob3ciOiIyMmFmNWFkIn0%3D\" href=\"https:\/\/ethon.gr\/neo\/de\/excursions\/\"><\/p>\n<figure><img decoding=\"async\" src=\"https:\/\/ethon.gr\/wp-content\/uploads\/elementor\/thumbs\/Spili-ppdwgh8zei1s7pzao3x8y2akfr8nk2vnahg9fcm94o.jpg\" alt=\"Spili\" \/><\/figure>\n<p><\/a><a data-elementor-open-lightbox=\"yes\" data-elementor-lightbox-slideshow=\"22af5ad\" data-e-action-hash=\"#elementor-action%3Aaction%3Dlightbox%26settings%3DeyJpZCI6OTA5LCJ1cmwiOiJodHRwczpcL1wvZXRob24uZ3JcL3dwLWNvbnRlbnRcL3VwbG9hZHNcLzIwMjJcLzA1XC9TYW1hcmlhLUdvcmdlLmpwZyIsInNsaWRlc2hvdyI6IjIyYWY1YWQifQ%3D%3D\" href=\"https:\/\/ethon.gr\/neo\/de\/excursions\/\"><\/p>\n<figure><img decoding=\"async\" src=\"https:\/\/ethon.gr\/wp-content\/uploads\/elementor\/thumbs\/Samaria-Gorge-ppdwgefgtzxx8w3e4kpd8l06nlmjwzkga3hsziqfnc.jpg\" alt=\"Samaria Gorge\" \/><\/figure>\n<p><\/a><a data-elementor-open-lightbox=\"yes\" data-elementor-lightbox-slideshow=\"22af5ad\" data-e-action-hash=\"#elementor-action%3Aaction%3Dlightbox%26settings%3DeyJpZCI6OTA2LCJ1cmwiOiJodHRwczpcL1wvZXRob24uZ3JcL3dwLWNvbnRlbnRcL3VwbG9hZHNcLzIwMjJcLzA1XC9Lb3VybmFzLUxha2UuanBnIiwic2xpZGVzaG93IjoiMjJhZjVhZCJ9\" href=\"https:\/\/ethon.gr\/neo\/de\/excursions\/\"><\/p>\n<figure><img decoding=\"async\" src=\"https:\/\/ethon.gr\/wp-content\/uploads\/elementor\/thumbs\/Kournas-Lake-ppdwg5yx4hmccefohz1q4551b4s8zpmv8xmfo12z7c.jpg\" alt=\"Kournas Lake\" \/><\/figure>\n<p><\/a><a data-elementor-open-lightbox=\"yes\" data-elementor-lightbox-slideshow=\"22af5ad\" data-e-action-hash=\"#elementor-action%3Aaction%3Dlightbox%26settings%3DeyJpZCI6ODk4LCJ1cmwiOiJodHRwczpcL1wvZXRob24uZ3JcL3dwLWNvbnRlbnRcL3VwbG9hZHNcLzIwMjJcLzA1XC9BZ2lvcy1OaWtvbGFvcy5qcGciLCJzbGlkZXNob3ciOiIyMmFmNWFkIn0%3D\" href=\"https:\/\/ethon.gr\/neo\/de\/excursions\/\"><\/p>\n<figure><img decoding=\"async\" src=\"https:\/\/ethon.gr\/wp-content\/uploads\/elementor\/thumbs\/Agios-Nikolaos-ppdwfp1tpgz6jf498rqfv9eqm73n55rp6lvp11s2bc.jpg\" alt=\"Agios Nikolaos\" \/><\/figure>\n<p><\/a>\t\t\t<\/p>\n<h3><a href=\"https:\/\/ethon.gr\/neo\/de\/excursions\/\">Ausfl\u00fcge<\/a><\/h3>\n<p>Sie k\u00f6nnen w\u00e4hlen! Ausfl\u00fcge Vermittlung von Ihren Ausfl\u00fcgen auf Kreta, &#8220;Ethon&#8221; ist eine der f\u00fchrenden Agenturen in Chania &#8211; Kreta. Unsere tollen Preise fur die beliebtesten Reiseziele auf Kreta und Santorini, inklusiv unseres kosteng\u00fcnstigen Services, wird Ihren Urlaub unvergesslich machen !<\/p>\n<h2>\u00dcber Uns<\/h2>\n<h6 id=\"tw-target-text\" dir=\"ltr\" data-placeholder=\"Translation\">Seit 1990 bieten wir den besten Service f\u00fcr Ihren Urlaub.<\/h6>\n<figure><img decoding=\"async\" src=\"https:\/\/ethon.gr\/wp-content\/uploads\/elementor\/thumbs\/Office_222-scaled-ppv195ptpvddw6lqcm7gcdae5leuvs4rp8ltmxzvs0.jpg\" alt=\"Office\" \/><\/figure>\n<figure><img decoding=\"async\" src=\"https:\/\/ethon.gr\/wp-content\/uploads\/elementor\/thumbs\/Yamaha-XT-660-pp90120wbi7xdjxoxl1eswh6j4t2jndulnjqz8exeo.jpg\" alt=\"Yamaha XT 660\" \/><\/figure>\n<figure><img decoding=\"async\" src=\"https:\/\/ethon.gr\/wp-content\/uploads\/elementor\/thumbs\/Scott-pp900vg0znyx4a790070tg4ydfpi1rnq8qzcmaoom8.jpg\" alt=\"Scott\" \/><\/figure>\n<figure><img decoding=\"async\" src=\"https:\/\/ethon.gr\/wp-content\/uploads\/elementor\/thumbs\/Piaggio-Fly-100-pp900fgrrhd1mwuglbad52649vw9ewwaijw3glcdk0.jpg\" alt=\"Piaggio Fly 100\" \/><\/figure>\n<figure><img decoding=\"async\" src=\"https:\/\/ethon.gr\/wp-content\/uploads\/elementor\/thumbs\/Chevrolet-Matiz-Open-1-ppb06n0iza45rqsuvejkcessuhng3llxqhvh58yaao.jpg\" alt=\"Chevrolet-Matiz-Open.jpg\" \/><\/figure>\n<p>\t\t\t\t\t\t\t\t\t\t\t\t<a tabindex=\"0\">Auto- Motorrad- ATV- und Fahrradvermietung<\/a><\/p>\n<ul>\n<li style=\"list-style-type: none; color: white;\">\n<ul>\n<li>Autovermietung<\/li>\n<li>Mopedvermietung<\/li>\n<li>Motorradvermietung<\/li>\n<li>ATV-Vermietung<\/li>\n<li>Fahrradvermietung<\/li>\n<li>E-Bike-Vermietung<\/li>\n<\/ul>\n<\/li>\n<\/ul>\n<p>\t\t\t\t\t\t\t\t\t\t\t\t<a tabindex=\"0\">Versicherung<\/a><\/p>\n<ul>\n<li style=\"list-style-type: none;\">\n<ul>\n<li>inkl. Unfallversicherung\u00a0<\/li>\n<\/ul>\n<\/li>\n<\/ul>\n<ul>\n<li style=\"list-style-type: none;\">\n<ul>\n<li>Vollkaskoversicherung<\/li>\n<\/ul>\n<\/li>\n<\/ul>\n<p>\t\t\t\t\t\t\t\t\t\t\t\t<a tabindex=\"0\">Free kilometres<\/a><\/p>\n<ul>\n<li style=\"list-style-type: none;\">\n<ul>\n<li>Unbegrentzte Kilometer<\/li>\n<\/ul>\n<\/li>\n<\/ul>\n<p>\t\t\t\t\t\t\t\t\t\t\t\t<a tabindex=\"0\">Stra\u00dfenkarte<\/a><\/p>\n<ul>\n<li style=\"list-style-type: none;\">\n<ul>\n<li>Alle unsere Autos und Motorr\u00e4der sind mit einer Stra\u00dfenkarte ausgestattet<\/li>\n<\/ul>\n<\/li>\n<\/ul>\n<p>\t\t\t\t\t\t\t\t\t\t\t\t<a tabindex=\"0\">Sicherheit<\/a><\/p>\n<ul>\n<li style=\"list-style-type: none;\">\n<ul>\n<li>Alle unsere Autos sind mit Sicherheitsgurten ausgestattet.<\/li>\n<\/ul>\n<\/li>\n<li style=\"list-style-type: none;\">\u00a0\n<ul>\n<li>Wenn Sie einen unserer Roller, Fahrr\u00e4der oder ATVs mieten, ist ein Helm inklusive.<\/li>\n<\/ul>\n<\/li>\n<li style=\"list-style-type: none;\">\u00a0\n<ul>\n<li>Babysitze auf Anfrage erh\u00e4ltlich<\/li>\n<\/ul>\n<\/li>\n<\/ul>\n<figure><img decoding=\"async\" src=\"https:\/\/ethon.gr\/wp-content\/uploads\/elementor\/thumbs\/Office_3-scaled-ppv18524bbz7be2zaod054jezkfjjl38k75vx5i8io.jpg\" alt=\"Office\" \/><\/figure>\n<figure><img decoding=\"async\" src=\"https:\/\/ethon.gr\/wp-content\/uploads\/elementor\/thumbs\/balos-gramvousa-ppdwsgoxrb8tuqqc3pa6cm9i4ydrcwo5tlhaurbrts.jpeg\" alt=\"balos-gramvousa\" \/><\/figure>\n<figure><img decoding=\"async\" src=\"https:\/\/ethon.gr\/wp-content\/uploads\/elementor\/thumbs\/Kournas-Lake-ppdwg5yycceryelewvww87zecgzvngul4q7ltfk78g.jpg\" alt=\"Kournas Lake\" \/><\/figure>\n<p>\t\t\t\t\t\t\t\t\t\t\t\t<a tabindex=\"0\">Ausfl\u00fcge<\/a><\/p>\n<ul>\n<li style=\"list-style-type: none;\">\n<ul>\n<li>Wir bieten auch Ausfl\u00fcge rund um unsere wundersch\u00f6ne Insel an<\/li>\n<\/ul>\n<\/li>\n<\/ul>\n<p>\t\t\t\t\t\t\t\t\t\t\t\t<a tabindex=\"0\">Geldautomat<\/a><\/p>\n<ul>\n<li style=\"list-style-type: none;\">\n<ul>\n<li>Kreditkarten werden angenommen<\/li>\n<\/ul>\n<\/li>\n<\/ul>\n<p>\t\t\t\t\t\t\t\t\t\t\t\t<a tabindex=\"0\">ATV Safari<\/a><\/p>\n<ul>\n<li id=\"tw-target-text\" dir=\"ltr\" data-placeholder=\"\u039c\u03b5\u03c4\u03ac\u03c6\u03c1\u03b1\u03c3\u03b7\">Ein unglaubliches Offroad-Erlebnis !<\/li>\n<\/ul>\n<p>\t\t\t\t\t\t\t\t\t\t\t\t<a tabindex=\"0\">Strassenkarte<\/a><\/p>\n<ul>\n<li style=\"list-style-type: none;\">\n<ul>\n<li>Alle unsere Autos und Motorr\u00e4der sind mit einer Stra\u00dfenkarte ausgestattet<\/li>\n<\/ul>\n<\/li>\n<\/ul>\n<p><strong>Email: ethon@otenet.gr<\/strong><\/p>\n<p><strong>Tel: +30 28250 61 432<\/strong><\/p>\n<p><strong>Address: Georgioupolis, GR 73007 Chania &#8211; Crete<\/strong><\/p>\n<p><strong>Ethon General Tourist Office<\/strong><\/p>\n<p>AUTHORISATION NUMBER:\u00a01042E81000144400<\/p>\n<p><strong>\u00a9 <\/strong><strong>ETHON SKOUVAS IKE<\/strong> <\/p>\n","protected":false},"excerpt":{"rendered":"<p>Ethon Auto- und Motorradvermietung Ethon Rent &#8211; Autovermietung, Ausfl\u00fcge und Safari Reservieren Was wir anbieten Autovermietung Wir bieten tolle Preise auf allen Autotypen, darunter Luxusautos, Minivans, Kleinbusse, SUV, Schaltung, Automatik oder Kabriolett, Sie k\u00f6nnen w\u00e4hlen! Mit unserem mehrsprachigem Service 7 Tage die Woche finden Sie die besten Mietwagenpreise, wann immer Sie wollen ! Motorradvermietung Vermittlung &#8230; <a title=\"Startseite\" class=\"read-more\" href=\"https:\/\/ethon.gr\/de\/\" aria-label=\"Read more about Startseite\">Read more<\/a><\/p>\n","protected":false},"author":1,"featured_media":0,"parent":0,"menu_order":0,"comment_status":"closed","ping_status":"closed","template":"","meta":{"footnotes":""},"class_list":["post-456","page","type-page","status-publish"],"translation":{"provider":"WPGlobus","version":"3.0.0","language":"de","enabled_languages":["en","de","fr"],"languages":{"en":{"title":true,"content":true,"excerpt":false},"de":{"title":true,"content":true,"excerpt":false},"fr":{"title":true,"content":true,"excerpt":false}}},"aioseo_notices":[],"_links":{"self":[{"href":"https:\/\/ethon.gr\/de\/wp-json\/wp\/v2\/pages\/456","targetHints":{"allow":["GET"]}}],"collection":[{"href":"https:\/\/ethon.gr\/de\/wp-json\/wp\/v2\/pages"}],"about":[{"href":"https:\/\/ethon.gr\/de\/wp-json\/wp\/v2\/types\/page"}],"author":[{"embeddable":true,"href":"https:\/\/ethon.gr\/de\/wp-json\/wp\/v2\/users\/1"}],"replies":[{"embeddable":true,"href":"https:\/\/ethon.gr\/de\/wp-json\/wp\/v2\/comments?post=456"}],"version-history":[{"count":744,"href":"https:\/\/ethon.gr\/de\/wp-json\/wp\/v2\/pages\/456\/revisions"}],"predecessor-version":[{"id":3570,"href":"https:\/\/ethon.gr\/de\/wp-json\/wp\/v2\/pages\/456\/revisions\/3570"}],"wp:attachment":[{"href":"https:\/\/ethon.gr\/de\/wp-json\/wp\/v2\/media?parent=456"}],"curies":[{"name":"wp","href":"https:\/\/api.w.org\/{rel}","templated":true}]}}