{"id":40,"date":"2022-05-18T19:17:18","date_gmt":"2022-05-18T19:17:18","guid":{"rendered":"https:\/\/ethon.gr\/?page_id=40"},"modified":"2026-01-27T20:09:28","modified_gmt":"2026-01-27T22:09:28","slug":"contact","status":"publish","type":"page","link":"https:\/\/ethon.gr\/fr\/contact\/","title":{"rendered":"Contact"},"content":{"rendered":"<h1>Contact<\/h1>\n<ul>\n<li>\n\t\t\t\t E-mail:\n\t\t\t<\/li>\n<\/ul>\n<ul>\n<li>\n\t\t\t\t T\u00e9l\u00e9phone:\n\t\t\t<\/li>\n<\/ul>\n<ul>\n<li>\n\t\t\t\t Adresse:\n\t\t\t<\/li>\n<\/ul>\n<ul>\n<li>\n\t\t\t\t ethon@otenet.gr<br \/>\n\t\t\t\t\t\t\t\t\t<a aria-label=\"ethon@otenet.gr\" href=\"mailto:ethon@otenet.gr\"><br \/>\n\t\t\t\t\t\tethon@otenet.gr<br \/>\n\t\t\t\t\t<\/a>\n\t\t\t<\/li>\n<\/ul>\n<ul>\n<li>\n\t\t\t\t +30-2825-061-432<br \/>\n\t\t\t\t\t\t\t\t\t<a aria-label=\"+30-2825-061-432 \" href=\"tel:+30-2825-061-432%20\"><br \/>\n\t\t\t\t\t\t+30-2825-061-432<br \/>\n\t\t\t\t\t<\/a>\n\t\t\t<\/li>\n<\/ul>\n<ul>\n<li>\n\t\t\t\t Georgioupoli 730 07, Gr\u00e8ce<br \/>\n\t\t\t\t\t\t\t\t\t<a aria-label=\"Georgioupoli 730 07, Gr\u00e8ce\" href=\"https:\/\/www.google.com\/maps\/place\/Ethon\/@35.3622788,24.2589083,17.36z\/data=!4m16!1m10!4m9!1m1!4e2!1m6!1m2!1s0x149b795e87b05bb3:0xe33f0b421acc3274!2sethon+georgioupolis!2m2!1d24.2598428!2d35.3629788!3m4!1s0x149b795e87b05bb3:0xe33f0b421acc3274!8m2!3d35.3629788!4d24.2598428\" target=\"_blank\"><br \/>\n\t\t\t\t\t\tGeorgioupoli 730 07, Gr\u00e8ce<br \/>\n\t\t\t\t\t<\/a>\n\t\t\t<\/li>\n<\/ul>\n<p>\t\t\t<iframe loading=\"lazy\"\n\t\t\t\t\tsrc=\"https:\/\/maps.google.com\/maps?q=Ethon%2C%20Georgioupoli%20730%2007%2C%20Greece&#038;t=m&#038;z=17&#038;output=embed&#038;iwloc=near\"\n\t\t\t\t\ttitle=\"Ethon, Georgioupoli 730 07, Greece\"\n\t\t\t\t\taria-label=\"Ethon, Georgioupoli 730 07, Greece\"\n\t\t\t><\/iframe><\/p>\n<h2>Formulaire de r\u00e9servation<\/h2>\n<div class=\"forminator-ui forminator-custom-form forminator-custom-form-1052 forminator-design--material  forminator_ajax\" data-forminator-render=\"0\" data-form=\"forminator-module-1052\" data-uid=\"69f5fe3c1de38\"><br\/><\/div><form\n\t\t\t\tid=\"forminator-module-1052\"\n\t\t\t\tclass=\"forminator-ui forminator-custom-form forminator-custom-form-1052 forminator-design--material  forminator_ajax\"\n\t\t\t\tmethod=\"post\"\n\t\t\t\tdata-forminator-render=\"0\"\n\t\t\t\tdata-form-id=\"1052\"\n\t\t\t\t\n\t\t\t\tdata-design=\"material\"\n\t\t\t\t\n\t\t\t\t\n\t\t\t\t\n\t\t\t\tdata-grid=\"open\"\n\t\t\t\t\n\t\t\t\t\n\t\t\t\tstyle=\"display: none;\"\n\t\t\t\t\n\t\t\t\tdata-uid=\"69f5fe3c1de38\"\n\t\t\t><div role=\"alert\" aria-live=\"polite\" class=\"forminator-response-message forminator-error\" aria-hidden=\"true\"><\/div><div class=\"forminator-row\"><div id=\"name-1\" class=\"forminator-field-name forminator-col forminator-col-12 \"><div class=\"forminator-field\"><label for=\"forminator-field-name-1_69f5fe3c1de38\" id=\"forminator-field-name-1_69f5fe3c1de38-label\" class=\"forminator-label\">Full Name <span class=\"forminator-required\">*<\/span><\/label><input type=\"text\" name=\"name-1\" value=\"\" placeholder=\"Full Name\" id=\"forminator-field-name-1_69f5fe3c1de38\" class=\"forminator-input forminator-name--field\" aria-required=\"true\" \/><\/div><\/div><\/div><div class=\"forminator-row\"><div id=\"email-1\" class=\"forminator-field-email forminator-col forminator-col-12 \"><div class=\"forminator-field\"><label for=\"forminator-field-email-1_69f5fe3c1de38\" id=\"forminator-field-email-1_69f5fe3c1de38-label\" class=\"forminator-label\">Email Address <span class=\"forminator-required\">*<\/span><\/label><input type=\"email\" name=\"email-1\" value=\"\" placeholder=\"Email Address\" id=\"forminator-field-email-1_69f5fe3c1de38\" class=\"forminator-input forminator-email--field\" data-required=\"true\" aria-required=\"true\" \/><\/div><\/div><\/div><div class=\"forminator-row\"><div id=\"phone-1\" class=\"forminator-field-phone forminator-col forminator-col-12 \"><div class=\"forminator-field\"><label for=\"forminator-field-phone-1_69f5fe3c1de38\" id=\"forminator-field-phone-1_69f5fe3c1de38-label\" class=\"forminator-label\">Phone Number <span class=\"forminator-required\">*<\/span><\/label><input type=\"text\" name=\"phone-1\" value=\"\" placeholder=\"Phone Number\" id=\"forminator-field-phone-1_69f5fe3c1de38\" class=\"forminator-input forminator-field--phone\" data-required=\"1\" aria-required=\"true\" autocomplete=\"off\" data-national_mode=\"disabled\" data-country=\"GR\" data-validation=\"international\" \/><\/div><\/div><\/div><div class=\"forminator-row\"><div id=\"select-1\" class=\"forminator-field-select forminator-col forminator-col-12 \"><div class=\"forminator-field\"><label for=\"forminator-form-1052__field--select-1_69f5fe3c1de38\" id=\"forminator-form-1052__field--select-1_69f5fe3c1de38-label\" class=\"forminator-label\">MOTORCYCLES &amp; ATVs<\/label><select  id=\"forminator-form-1052__field--select-1_69f5fe3c1de38\" class=\"forminator-select--field forminator-select2 forminator-select2-multiple\" data-required=\"\" name=\"select-1\" data-default-value=\"\" data-placeholder=\"...\" data-search=\"false\" data-search-placeholder=\"...\" data-checkbox=\"false\" data-allow-clear=\"false\" aria-labelledby=\"forminator-form-1052__field--select-1_69f5fe3c1de38-label\" aria-describedby=\"forminator-form-1052__field--select-1_69f5fe3c1de38-description\"><option value=\"\"  >...<\/option><option value=\"50cc - Peugeot Tweet\"  data-calculation=\"0\">50cc - Peugeot Tweet<\/option><option value=\"50cc - Peugeot Kisbee\"  data-calculation=\"0\">50cc - Peugeot Kisbee<\/option><option value=\"110cc - Honda Vision\"  data-calculation=\"0\">110cc - Honda Vision<\/option><option value=\"125cc - Honda Vision\"  data-calculation=\"0\">125cc - Honda Vision<\/option><option value=\"200cc - Peugeot Tweet\"  data-calculation=\"0\">200cc - Peugeot Tweet<\/option><option value=\"200cc - Piaggio Medley\"  data-calculation=\"0\">200cc - Piaggio Medley<\/option><option value=\"500cc \u2013 Honda NX\"  data-calculation=\"0\">500cc \u2013 Honda NX<\/option><option value=\"50cc - ATV (Automatic-Off road)\"  data-calculation=\"0\">50cc - ATV (Automatic-Off road)<\/option><option value=\"500cc - ATV\"  data-calculation=\"0\">500cc - ATV<\/option><option value=\"567cc - ATV\"  data-calculation=\"0\">567cc - ATV<\/option><option value=\"E-Bike (Ideal or Scott)\"  data-calculation=\"0\">E-Bike (Ideal or Scott)<\/option><option value=\"Bicycle\"  data-calculation=\"0\">Bicycle<\/option><\/select><span id=\"forminator-form-1052__field--select-1_69f5fe3c1de38-description\" class=\"forminator-description\">Select a Bike<\/span><\/div><\/div><\/div><div class=\"forminator-row\"><div id=\"select-2\" class=\"forminator-field-select forminator-col forminator-col-12 \"><div class=\"forminator-field\"><label for=\"forminator-form-1052__field--select-2_69f5fe3c1de38\" id=\"forminator-form-1052__field--select-2_69f5fe3c1de38-label\" class=\"forminator-label\">CARS<\/label><select  id=\"forminator-form-1052__field--select-2_69f5fe3c1de38\" class=\"forminator-select--field forminator-select2 forminator-select2-multiple\" data-required=\"\" name=\"select-2\" data-default-value=\"\" data-placeholder=\"...\" data-search=\"false\" data-search-placeholder=\"...\" data-checkbox=\"false\" data-allow-clear=\"false\" aria-labelledby=\"forminator-form-1052__field--select-2_69f5fe3c1de38-label\"><option value=\"\"  >...<\/option><option value=\"A - Fiat Panda\"  data-calculation=\"0\">A - Fiat Panda<\/option><option value=\"A - Suzuki Alto\"  data-calculation=\"0\">A - Suzuki Alto<\/option><option value=\"A - Hyundai I 10\"  data-calculation=\"0\">A - Hyundai I 10<\/option><option value=\"A - Peugeot 108\"  data-calculation=\"0\">A - Peugeot 108<\/option><option value=\"A1- Fiat Panda 1.24\"  data-calculation=\"0\">A1- Fiat Panda 1.24<\/option><option value=\"A1- Hyundai i10\"  data-calculation=\"0\">A1- Hyundai i10<\/option><option value=\"A1- Fiat Panda \/ Hybrid\"  data-calculation=\"0\">A1- Fiat Panda \/ Hybrid<\/option><option value=\"B - Suzuki Splash\"  data-calculation=\"0\">B - Suzuki Splash<\/option><option value=\"B - Lancia Ypsilon\"  data-calculation=\"0\">B - Lancia Ypsilon<\/option><option value=\"B - Opel Corsa\"  data-calculation=\"0\">B - Opel Corsa<\/option><option value=\"B1 - Suzuki Ignis\"  data-calculation=\"0\">B1 - Suzuki Ignis<\/option><option value=\"B1 - Hyundai i20\"  data-calculation=\"0\">B1 - Hyundai i20<\/option><option value=\"B1 - Peugeot 208\"  data-calculation=\"0\">B1 - Peugeot 208<\/option><option value=\"B1 - Peugeot 208 \/ Diesel\"  data-calculation=\"0\">B1 - Peugeot 208 \/ Diesel<\/option><option value=\"B1 - Toyota Yaris\"  data-calculation=\"0\">B1 - Toyota Yaris<\/option><option value=\"B1 - Opel Corsa\"  data-calculation=\"0\">B1 - Opel Corsa<\/option><option value=\"B1 - Suzuki Ignis \/ Hybrid\"  data-calculation=\"0\">B1 - Suzuki Ignis \/ Hybrid<\/option><option value=\"C - Peugeot 301\"  data-calculation=\"0\">C - Peugeot 301<\/option><option value=\"C - Suzuki Baleno\"  data-calculation=\"0\">C - Suzuki Baleno<\/option><option value=\"C1 - Peugeot 301 \/ Turbo Diesel\"  data-calculation=\"0\">C1 - Peugeot 301 \/ Turbo Diesel<\/option><option value=\"D - Peugeot 308 \/Turbo Diesel\"  data-calculation=\"0\">D - Peugeot 308 \/Turbo Diesel<\/option><option value=\"D - Skoda Scala\"  data-calculation=\"0\">D - Skoda Scala<\/option><option value=\"D - Suzuki Vitara\"  data-calculation=\"0\">D - Suzuki Vitara<\/option><option value=\"D1 - Suzuki Vitara \/ Hybrid\"  data-calculation=\"0\">D1 - Suzuki Vitara \/ Hybrid<\/option><option value=\"D1 - Jeep Renegade\"  data-calculation=\"0\">D1 - Jeep Renegade<\/option><option value=\"D1 - Peugeot 2008 \/ SUV\"  data-calculation=\"0\">D1 - Peugeot 2008 \/ SUV<\/option><option value=\"E - Suzuki Alto \/ Automatic\"  data-calculation=\"0\">E - Suzuki Alto \/ Automatic<\/option><option value=\"E - Suzuki Splash \/ Automatic\"  data-calculation=\"0\">E - Suzuki Splash \/ Automatic<\/option><option value=\"E1 - VW  Taigo \/ Automatic  \/ SUV\"  data-calculation=\"0\">E1 - VW  Taigo \/ Automatic  \/ SUV<\/option><option value=\"E1 - Opel Frontera \/ Automatic Hybrid\"  data-calculation=\"0\">E1 - Opel Frontera \/ Automatic Hybrid<\/option><option value=\"E1 - Nissan Qashqai \/ Automatic \/ SUV\"  data-calculation=\"0\">E1 - Nissan Qashqai \/ Automatic \/ SUV<\/option><option value=\"E1 - Hyundai Bayon \/ Automatic \/ SUV\"  data-calculation=\"0\">E1 - Hyundai Bayon \/ Automatic \/ SUV<\/option><option value=\"E1 - MG \/ Automatic \/ SUV\"  data-calculation=\"0\">E1 - MG \/ Automatic \/ SUV<\/option><option value=\"F - Peugeot 108 \/ Open\"  data-calculation=\"0\">F - Peugeot 108 \/ Open<\/option><option value=\"F - Peugeot 108 \/ Open \/ Automatic\"  data-calculation=\"0\">F - Peugeot 108 \/ Open \/ Automatic<\/option><option value=\"F - Fiat 500 \/ Cabrio\"  data-calculation=\"0\">F - Fiat 500 \/ Cabrio<\/option><option value=\"F - Fiat 500 \/ Cabrio \/ Automatic\"  data-calculation=\"0\">F - Fiat 500 \/ Cabrio \/ Automatic<\/option><option value=\"F - Peugeot 308 \/ Cabrio \/ Automatic\"  data-calculation=\"0\">F - Peugeot 308 \/ Cabrio \/ Automatic<\/option><option value=\"G - Fiat Doblo \/ 7seats - Mini Bus\"  data-calculation=\"0\">G - Fiat Doblo \/ 7seats - Mini Bus<\/option><option value=\"G - VW Caddy \/ 7seats \/ Diesel - Mini Bus\"  data-calculation=\"0\">G - VW Caddy \/ 7seats \/ Diesel - Mini Bus<\/option><option value=\"G - Fiat Scudo \/ 9seats \/ Diesel  - Mini Bus\"  data-calculation=\"0\">G - Fiat Scudo \/ 9seats \/ Diesel  - Mini Bus<\/option><option value=\"G - Opel Vivaro \/ 9seats \/ Turbo Diesel - Mini Bus\"  data-calculation=\"0\">G - Opel Vivaro \/ 9seats \/ Turbo Diesel - Mini Bus<\/option><\/select><\/div><\/div><\/div><div class=\"forminator-row\"><div id=\"date-1\" class=\"forminator-field-date forminator-col forminator-col-12 \"><div class=\"forminator-field\"><label for=\"forminator-field-date-1-picker_69f5fe3c1de38\" id=\"forminator-field-date-1-picker_69f5fe3c1de38-label\" class=\"forminator-label\">From: <span class=\"forminator-required\">*<\/span><\/label><div class=\"forminator-input-with-icon\"><span class=\"forminator-icon-calendar\" aria-hidden=\"true\"><\/span><input autocomplete=\"off\" type=\"text\" size=\"1\" name=\"date-1\" value=\"\" placeholder=\"Choose Date\" id=\"forminator-field-date-1-picker_69f5fe3c1de38\" class=\"forminator-input forminator-datepicker\" data-required=\"1\" data-format=\"dd-mm-yy\" data-restrict-type=\"\" data-restrict=\"\" data-start-year=\"2026\" data-end-year=\"2126\" data-past-dates=\"enable\" data-start-of-week=\"1\" data-start-date=\"2026-05-02\" data-end-date=\"\" data-start-field=\"\" data-end-field=\"\" data-start-offset=\"\" data-end-offset=\"\" data-disable-date=\"\" data-disable-range=\"\" \/><\/div><\/div><\/div><\/div><div class=\"forminator-row\"><div id=\"date-2\" class=\"forminator-field-date forminator-col forminator-col-12 \"><div class=\"forminator-field\"><label for=\"forminator-field-date-2-picker_69f5fe3c1de38\" id=\"forminator-field-date-2-picker_69f5fe3c1de38-label\" class=\"forminator-label\">To: <span class=\"forminator-required\">*<\/span><\/label><div class=\"forminator-input-with-icon\"><span class=\"forminator-icon-calendar\" aria-hidden=\"true\"><\/span><input autocomplete=\"off\" type=\"text\" size=\"1\" name=\"date-2\" value=\"\" placeholder=\"Choose Date\" id=\"forminator-field-date-2-picker_69f5fe3c1de38\" class=\"forminator-input forminator-datepicker\" data-required=\"1\" data-format=\"dd-mm-yy\" data-restrict-type=\"\" data-restrict=\"\" data-start-year=\"1926\" data-end-year=\"2126\" data-past-dates=\"enable\" data-start-of-week=\"1\" data-start-date=\"\" data-end-date=\"\" data-start-field=\"date-1\" data-end-field=\"\" data-start-offset=\"+_0_days\" data-end-offset=\"\" data-disable-date=\"\" data-disable-range=\"\" \/><\/div><\/div><\/div><\/div><div class=\"forminator-row\"><div id=\"checkbox-2\" class=\"forminator-field-checkbox forminator-col forminator-col-12 \"><div role=\"group\" class=\"forminator-field\" aria-labelledby=\"forminator-checkbox-group-69f5fe3c1de38-label\"><span id=\"forminator-checkbox-group-69f5fe3c1de38-label\" class=\"forminator-label\">Airport Service<\/span><label id=\"forminator-field-checkbox-2-1-69f5fe3c1de38-label\" for=\"forminator-field-checkbox-2-1-69f5fe3c1de38\" class=\"forminator-checkbox\" title=\"CHANIA AIRPORT\"><input type=\"checkbox\" name=\"checkbox-2[]\" value=\"one\" id=\"forminator-field-checkbox-2-1-69f5fe3c1de38\" aria-labelledby=\"forminator-field-checkbox-2-1-69f5fe3c1de38-label\" data-calculation=\"0\"   data-hidden-behavior=\"zero\"\/><span class=\"forminator-checkbox-box\" aria-hidden=\"true\"><\/span><span class=\"forminator-checkbox-label\">CHANIA AIRPORT<\/span><\/label><label id=\"forminator-field-checkbox-2-2-69f5fe3c1de38-label\" for=\"forminator-field-checkbox-2-2-69f5fe3c1de38\" class=\"forminator-checkbox\" title=\"HERAKLION AIRPORT\"><input type=\"checkbox\" name=\"checkbox-2[]\" value=\"HERAKLION-AIRPORT\" id=\"forminator-field-checkbox-2-2-69f5fe3c1de38\" aria-labelledby=\"forminator-field-checkbox-2-2-69f5fe3c1de38-label\" data-calculation=\"0\"   data-hidden-behavior=\"zero\"\/><span class=\"forminator-checkbox-box\" aria-hidden=\"true\"><\/span><span class=\"forminator-checkbox-label\">HERAKLION AIRPORT<\/span><\/label><\/div><\/div><\/div><div class=\"forminator-row\"><div id=\"number-1\" class=\"forminator-field-number forminator-col forminator-col-12 \"><div class=\"forminator-field\"><label for=\"forminator-field-number-1_69f5fe3c1de38\" id=\"forminator-field-number-1_69f5fe3c1de38-label\" class=\"forminator-label\">Adult Passengers<\/label><input name=\"number-1\" value=\"\" placeholder=\"E.g. 2\" id=\"forminator-field-number-1_69f5fe3c1de38\" class=\"forminator-input forminator-number--field\" inputmode=\"decimal\" data-required=\"\" data-decimals=\"0\" aria-required=\"false\" data-inputmask=\"&#039;groupSeparator&#039;: &#039;&#039;, &#039;radixPoint&#039;: &#039;&#039;, &#039;digits&#039;: &#039;0&#039;\" type=\"number\" step=\"any\" min=\"1\" max=\"9\" \/><\/div><\/div><\/div><div class=\"forminator-row\"><div id=\"number-2\" class=\"forminator-field-number forminator-col forminator-col-12 \"><div class=\"forminator-field\"><label for=\"forminator-field-number-2_69f5fe3c1de38\" id=\"forminator-field-number-2_69f5fe3c1de38-label\" class=\"forminator-label\">Children Passengers<\/label><input name=\"number-2\" value=\"\" placeholder=\"E.g. 2\" id=\"forminator-field-number-2_69f5fe3c1de38\" class=\"forminator-input forminator-number--field\" inputmode=\"decimal\" data-required=\"\" data-decimals=\"0\" aria-required=\"false\" data-inputmask=\"&#039;groupSeparator&#039;: &#039;&#039;, &#039;radixPoint&#039;: &#039;&#039;, &#039;digits&#039;: &#039;0&#039;\" type=\"number\" step=\"any\" min=\"0\" max=\"7\" \/><\/div><\/div><\/div><div class=\"forminator-row\"><div id=\"text-1\" class=\"forminator-field-text forminator-col forminator-col-12 \"><div class=\"forminator-field\"><label for=\"forminator-field-text-1_69f5fe3c1de38\" id=\"forminator-field-text-1_69f5fe3c1de38-label\" class=\"forminator-label\">Hotel \/ Accomodation<\/label><input type=\"text\" name=\"text-1\" value=\"\" placeholder=\"Where are you planing to stay?\" id=\"forminator-field-text-1_69f5fe3c1de38\" class=\"forminator-input forminator-name--field\" data-required=\"\" \/><\/div><\/div><\/div><div class=\"forminator-row\"><div id=\"textarea-1\" class=\"forminator-field-textarea forminator-col forminator-col-12 \"><div class=\"forminator-field\"><label for=\"forminator-field-textarea-1_69f5fe3c1de38\" id=\"forminator-field-textarea-1_69f5fe3c1de38-label\" class=\"forminator-label\">Message<\/label><textarea name=\"textarea-1\" placeholder=\"Enter your message...\" id=\"forminator-field-textarea-1_69f5fe3c1de38\" class=\"forminator-textarea\" rows=\"6\" style=\"min-height:140px;\" maxlength=\"900\" ><\/textarea><span id=\"forminator-field-textarea-1_69f5fe3c1de38-description\" class=\"forminator-description\"><span data-limit=\"900\" data-type=\"characters\" data-editor=\"\">0 \/ 900<\/span><\/span><\/div><\/div><\/div><input type=\"hidden\" name=\"referer_url\" value=\"\" \/><div class=\"forminator-row forminator-row-last\"><div class=\"forminator-col\"><div class=\"forminator-field\"><button class=\"forminator-button forminator-button-submit style=&quot;`align:center&quot;\"><span>Send<\/span><span aria-hidden=\"true\"><\/span><\/button><\/div><\/div><\/div><input type=\"hidden\" id=\"forminator_nonce\" name=\"forminator_nonce\" value=\"bd38ba5b04\" \/><input type=\"hidden\" name=\"_wp_http_referer\" value=\"\/fr\/wp-json\/wp\/v2\/pages\/40\" \/><input type=\"hidden\" name=\"form_id\" value=\"1052\"><input type=\"hidden\" name=\"page_id\" value=\"40\"><input type=\"hidden\" name=\"form_type\" value=\"default\"><input type=\"hidden\" name=\"current_url\" value=\"https:\/\/ethon.gr\/fr\/contact\/\"><input type=\"hidden\" name=\"render_id\" value=\"0\"><input type=\"hidden\" name=\"action\" value=\"forminator_submit_form_custom-forms\"><\/form>\n<p><strong>Email: ethon@otenet.gr<\/strong><\/p>\n<p><strong>Tel: +30 28250 61 432<\/strong><\/p>\n<p><strong>Address: Georgioupolis, GR 73007 Chania &#8211; Crete<\/strong><\/p>\n<p><strong>Ethon General Tourist Office<\/strong><\/p>\n<p>AUTHORISATION NUMBER:\u00a01042E81000144400<\/p>\n<p><strong>\u00a9 <\/strong><strong>ETHON SKOUVAS IKE<\/strong> <\/p>\n","protected":false},"excerpt":{"rendered":"<p>Contact E-mail: T\u00e9l\u00e9phone: Adresse: ethon@otenet.gr ethon@otenet.gr +30-2825-061-432 +30-2825-061-432 Georgioupoli 730 07, Gr\u00e8ce Georgioupoli 730 07, Gr\u00e8ce Formulaire de r\u00e9servation Email: ethon@otenet.gr Tel: +30 28250 61 432 Address: Georgioupolis, GR 73007 Chania &#8211; Crete Ethon General Tourist Office AUTHORISATION NUMBER:\u00a01042E81000144400 \u00a9 ETHON SKOUVAS IKE<\/p>\n","protected":false},"author":1,"featured_media":0,"parent":0,"menu_order":0,"comment_status":"closed","ping_status":"closed","template":"","meta":{"footnotes":""},"class_list":["post-40","page","type-page","status-publish"],"translation":{"provider":"WPGlobus","version":"3.0.0","language":"fr","enabled_languages":["en","de","fr"],"languages":{"en":{"title":true,"content":true,"excerpt":false},"de":{"title":true,"content":true,"excerpt":false},"fr":{"title":true,"content":true,"excerpt":false}}},"aioseo_notices":[],"_links":{"self":[{"href":"https:\/\/ethon.gr\/fr\/wp-json\/wp\/v2\/pages\/40","targetHints":{"allow":["GET"]}}],"collection":[{"href":"https:\/\/ethon.gr\/fr\/wp-json\/wp\/v2\/pages"}],"about":[{"href":"https:\/\/ethon.gr\/fr\/wp-json\/wp\/v2\/types\/page"}],"author":[{"embeddable":true,"href":"https:\/\/ethon.gr\/fr\/wp-json\/wp\/v2\/users\/1"}],"replies":[{"embeddable":true,"href":"https:\/\/ethon.gr\/fr\/wp-json\/wp\/v2\/comments?post=40"}],"version-history":[{"count":158,"href":"https:\/\/ethon.gr\/fr\/wp-json\/wp\/v2\/pages\/40\/revisions"}],"predecessor-version":[{"id":3531,"href":"https:\/\/ethon.gr\/fr\/wp-json\/wp\/v2\/pages\/40\/revisions\/3531"}],"wp:attachment":[{"href":"https:\/\/ethon.gr\/fr\/wp-json\/wp\/v2\/media?parent=40"}],"curies":[{"name":"wp","href":"https:\/\/api.w.org\/{rel}","templated":true}]}}