{"id":43,"date":"2022-05-18T19:14:44","date_gmt":"2022-05-18T19:14:44","guid":{"rendered":"https:\/\/ethon.gr\/?page_id=43"},"modified":"2026-04-25T07:36:44","modified_gmt":"2026-04-25T09:36:44","slug":"rent-a-bike","status":"publish","type":"page","link":"https:\/\/ethon.gr\/fr\/rent-a-bike\/","title":{"rendered":"Location de moto"},"content":{"rendered":"<h1>\n\t\t\t\t\tLocation de moto<br \/>\n\t\t\t\t\t\t\t\t\t\t\t<\/h1>\n<p>Cat\u00e9gories:<\/p>\n<h2>50cc<\/h2>\n<p>\t\t\t\t\t\t\t\t<img decoding=\"async\" src=\"https:\/\/ethon.gr\/wp-content\/uploads\/elementor\/thumbs\/Tweet-50cc-pptcrk04yu32hxc13xer00ydb79iwgwop74udjgx3s.jpg\" title=\"Tweet 50cc\" alt=\"Tweet 50cc\" loading=\"lazy\" \/><br \/>\n\t\t\t\t\t<a href=\"https:\/\/ethon.gr\/wp-content\/uploads\/2022\/06\/Tweet-50cc.jpg\" data-elementor-open-lightbox=\"yes\" data-elementor-lightbox-slideshow=\"83130b3\" data-elementor-lightbox-title=\"\"><br \/>\n\t\t\t\t\t<\/a><br \/>\n\t\t\t\t\t\t\t\t\tPeugeot Tweet 50cc<br \/>\n\t\t\t\t\t\t\t\t<img decoding=\"async\" src=\"https:\/\/ethon.gr\/wp-content\/uploads\/elementor\/thumbs\/peugeot-kisbee-50-4t-r-rmhqwp7rj19u81cf4n9oqhc8fr38zxqt7dv8mqu7bs.webp\" title=\"peugeot-kisbee-50-4t-r\" alt=\"peugeot-kisbee-50-4t-r\" loading=\"lazy\" \/><br \/>\n\t\t\t\t\t<a href=\"https:\/\/ethon.gr\/wp-content\/uploads\/2026\/04\/peugeot-kisbee-50-4t-r.webp\" data-elementor-open-lightbox=\"yes\" data-elementor-lightbox-slideshow=\"83130b3\" data-elementor-lightbox-title=\"\"><br \/>\n\t\t\t\t\t<\/a><br \/>\n\t\t\t\t\t\t\t\t\tPeugeot Kisbee 50cc<\/p>\n<h2>125cc<\/h2>\n<p>\t\t\t\t\t\t\t\t<img decoding=\"async\" src=\"https:\/\/ethon.gr\/wp-content\/uploads\/elementor\/thumbs\/21-Honda-125cc-red-2-scaled-rm91xp46qllgbzamif7h1o51t0pnqsiw4wdek4jb14.jpg\" title=\"21 Honda 125cc red 2\" alt=\"21 Honda 125cc red 2\" loading=\"lazy\" \/><br \/>\n\t\t\t\t\t<a href=\"https:\/\/ethon.gr\/wp-content\/uploads\/2026\/04\/21-Honda-125cc-red-2-scaled.jpg\" data-elementor-open-lightbox=\"yes\" data-elementor-lightbox-slideshow=\"\" data-elementor-lightbox-title=\"\"><br \/>\n\t\t\t\t\t<\/a><br \/>\n\t\t\t\t\t\t\t\t\tHonda Vision 125cc<\/p>\n<h2>200cc<\/h2>\n<p>\t\t\t\t\t\t\t\t<img decoding=\"async\" src=\"https:\/\/ethon.gr\/wp-content\/uploads\/elementor\/thumbs\/tweet-200-rmhqt2k752aze8m7bksjlwb5v6z8a0c4df6qxa7xco.webp\" title=\"tweet-200\" alt=\"tweet-200\" loading=\"lazy\" \/><br \/>\n\t\t\t\t\t<a href=\"https:\/\/ethon.gr\/wp-content\/uploads\/2026\/04\/tweet-200.webp\" data-elementor-open-lightbox=\"yes\" data-elementor-lightbox-slideshow=\"a3407c7\" data-elementor-lightbox-title=\"\"><br \/>\n\t\t\t\t\t<\/a><br \/>\n\t\t\t\t\t\t\t\t\tPeugeot Tweet 200cc<br \/>\n\t\t\t\t\t\t\t\t<img decoding=\"async\" src=\"https:\/\/ethon.gr\/wp-content\/uploads\/elementor\/thumbs\/23-Medley-200-cc-white-1-scaled-rmaros8ohmu1344y8v3no6kbutefk10ws5nueeccyg.jpg\" title=\"23 Medley 200 cc white 1\" alt=\"23 Medley 200 cc white 1\" loading=\"lazy\" \/><br \/>\n\t\t\t\t\t<a href=\"https:\/\/ethon.gr\/wp-content\/uploads\/2026\/04\/23-Medley-200-cc-white-1-scaled.jpg\" data-elementor-open-lightbox=\"yes\" data-elementor-lightbox-slideshow=\"a3407c7\" data-elementor-lightbox-title=\"\"><br \/>\n\t\t\t\t\t<\/a><br \/>\n\t\t\t\t\t\t\t\t\tPiaggio Medley  200cc<\/p>\n<h2>500cc<\/h2>\n<p>\t\t\t\t\t\t\t\t<img fetchpriority=\"high\" decoding=\"async\" width=\"963\" height=\"784\" src=\"https:\/\/ethon.gr\/wp-content\/uploads\/2026\/04\/HONDA-NX-500.webp\" alt=\"\" \/><br \/>\n\t\t\t\t\t<a href=\"https:\/\/ethon.gr\/wp-content\/uploads\/2026\/04\/HONDA-NX-500.webp\" data-elementor-open-lightbox=\"yes\" data-elementor-lightbox-slideshow=\"ddafe8f\" data-elementor-lightbox-title=\"\"><br \/>\n\t\t\t\t\t<\/a><br \/>\n\t\t\t\t\t\t\t\t\tHonda NX 500cc <\/p>\n<h2>800cc<\/h2>\n<p>\t\t\t\t\t\t\t\t<img decoding=\"async\" width=\"750\" height=\"750\" src=\"https:\/\/ethon.gr\/wp-content\/uploads\/2026\/04\/Buggy-800.jpg\" alt=\"\" \/><br \/>\n\t\t\t\t\t<a href=\"https:\/\/ethon.gr\/wp-content\/uploads\/2026\/04\/Buggy-800.jpg\" data-elementor-open-lightbox=\"yes\" data-elementor-lightbox-slideshow=\"2b17142\" data-elementor-lightbox-title=\"\"><br \/>\n\t\t\t\t\t<\/a><br \/>\n\t\t\t\t\t\t\t\t\tBuggy 800cc <\/p>\n<h4>-quad-<\/h4>\n<p>\t\t\t\t\t\t\t\t<img decoding=\"async\" src=\"https:\/\/ethon.gr\/wp-content\/uploads\/elementor\/thumbs\/ATV-50cc-pptcrh6mebz7j3g4ke6vajnzj1nf9dlhot6dxpl3mg.jpg\" title=\"ATV 50cc\" alt=\"ATV 50cc\" loading=\"lazy\" \/><br \/>\n\t\t\t\t\t<a href=\"https:\/\/ethon.gr\/wp-content\/uploads\/2022\/06\/ATV-50cc.jpg\" data-elementor-open-lightbox=\"yes\" data-elementor-lightbox-slideshow=\"627156d\" data-elementor-lightbox-title=\"\"><br \/>\n\t\t\t\t\t<\/a><br \/>\n\t\t\t\t\t\t\t\t\tATV 50cc<\/p>\n<p>Automatic <\/p>\n<p>\t\t\t\t\t\t\t\t<img decoding=\"async\" src=\"https:\/\/ethon.gr\/wp-content\/plugins\/elementor\/assets\/images\/placeholder.png\" title=\"\" alt=\"\" loading=\"lazy\" \/><br \/>\n\t\t\t\t\t<a href=\"https:\/\/ethon.gr\/wp-content\/plugins\/elementor\/assets\/images\/placeholder.png\" data-elementor-open-lightbox=\"yes\" data-elementor-lightbox-slideshow=\"627156d\" data-elementor-lightbox-title=\"\"><br \/>\n\t\t\t\t\t<\/a><br \/>\n\t\t\t\t\t\t\t\t\tATV 500cc<br \/>\n\t\t\t\t\t\t\t\t<img decoding=\"async\" src=\"https:\/\/ethon.gr\/wp-content\/uploads\/elementor\/thumbs\/12-ATV-550cc-1-scaled-py17ccdhi68llv8w068dzmjjid04urux5wf4nbn8ns.jpg\" title=\"12 ATV 550cc 1\" alt=\"ATV 550cc\" loading=\"lazy\" \/><br \/>\n\t\t\t\t\t<a href=\"https:\/\/ethon.gr\/wp-content\/uploads\/2022\/11\/12-ATV-550cc-1-scaled.jpg\" data-elementor-open-lightbox=\"yes\" data-elementor-lightbox-slideshow=\"627156d\" data-elementor-lightbox-title=\"\"><br \/>\n\t\t\t\t\t<\/a><br \/>\n\t\t\t\t\t\t\t\t\tATV 567cc<\/p>\n<h4>-v\u00e9lo-<\/h4>\n<h2>E-Bike<\/h2>\n<p>\t\t\t\t\t\t\t\t<img decoding=\"async\" src=\"https:\/\/ethon.gr\/wp-content\/uploads\/elementor\/thumbs\/16-E-Bike-scaled-py17agp3u3nydxz6zcz903mcqm9pgke8wlg63efl3s.jpg\" title=\"16 E-Bike\" alt=\"E-Bike\" loading=\"lazy\" \/><br \/>\n\t\t\t\t\t<a href=\"https:\/\/ethon.gr\/wp-content\/uploads\/2022\/11\/16-E-Bike-scaled.jpg\" data-elementor-open-lightbox=\"yes\" data-elementor-lightbox-slideshow=\"00552fa\" data-elementor-lightbox-title=\"\"><br \/>\n\t\t\t\t\t<\/a><br \/>\n\t\t\t\t\t\t\t\t\tE-Bike IDEAL<br \/>\n\t\t\t\t\t\t\t\t<img decoding=\"async\" src=\"https:\/\/ethon.gr\/wp-content\/uploads\/elementor\/thumbs\/E-Bike-Scott-scaled-r52xwnvhjx03oikme7235ns087qh4o3thi8i0zicgo.jpg\" title=\"E-Bike Scott\" alt=\"E-Bike Scott\" loading=\"lazy\" \/><br \/>\n\t\t\t\t\t<a href=\"https:\/\/ethon.gr\/wp-content\/uploads\/2025\/04\/E-Bike-Scott-scaled.jpg\" data-elementor-open-lightbox=\"yes\" data-elementor-lightbox-slideshow=\"00552fa\" data-elementor-lightbox-title=\"\"><br \/>\n\t\t\t\t\t<\/a><br \/>\n\t\t\t\t\t\t\t\t\tE-Bike SCOTT<\/p>\n<h2>Bicyclette<\/h2>\n<p>\t\t\t\t\t\t\t\t<img decoding=\"async\" src=\"https:\/\/ethon.gr\/wp-content\/uploads\/elementor\/thumbs\/Scott-Bike-pp900qqsc3h92e14ujh9lmlxsp2pcgula73jsrljtk.jpg\" title=\"Scott Bike\" alt=\"Scott Bike\" loading=\"lazy\" \/><br \/>\n\t\t\t\t\t<a href=\"https:\/\/ethon.gr\/wp-content\/uploads\/2022\/05\/Scott-Bike.jpg\" data-elementor-open-lightbox=\"yes\" data-elementor-lightbox-slideshow=\"\" data-elementor-lightbox-title=\"\"><br \/>\n\t\t\t\t\t<\/a><br \/>\n\t\t\t\t\t\t\t\t\tScott<\/p>\n<h2>R\u00c9SERVER UN V\u00c9LO<\/h2>\n<h6>Vous pouvez \u00e9galement vous rendre \u00e0 notre bureau sur la place principale de Georgioupolis<\/h6>\n<div class=\"forminator-ui forminator-custom-form forminator-custom-form-1631 forminator-design--material forminator-enclosed forminator_ajax\" data-forminator-render=\"0\" data-form=\"forminator-module-1631\" data-uid=\"69f6007ed5b88\"><br\/><\/div><form\n\t\t\t\tid=\"forminator-module-1631\"\n\t\t\t\tclass=\"forminator-ui forminator-custom-form forminator-custom-form-1631 forminator-design--material forminator-enclosed forminator_ajax\"\n\t\t\t\tmethod=\"post\"\n\t\t\t\tdata-forminator-render=\"0\"\n\t\t\t\tdata-form-id=\"1631\"\n\t\t\t\t\n\t\t\t\tdata-design=\"material\"\n\t\t\t\t\n\t\t\t\t\n\t\t\t\t\n\t\t\t\tdata-grid=\"enclosed\"\n\t\t\t\t\n\t\t\t\t\n\t\t\t\tstyle=\"display: none;\"\n\t\t\t\t\n\t\t\t\tdata-uid=\"69f6007ed5b88\"\n\t\t\t><div role=\"alert\" aria-live=\"polite\" class=\"forminator-response-message forminator-error\" aria-hidden=\"true\"><\/div><div class=\"forminator-row\"><div id=\"name-1\" class=\"forminator-field-name forminator-col forminator-col-12 \"><div class=\"forminator-field\"><label for=\"forminator-field-name-1_69f6007ed5b88\" id=\"forminator-field-name-1_69f6007ed5b88-label\" class=\"forminator-label\">Full Name <span class=\"forminator-required\">*<\/span><\/label><input type=\"text\" name=\"name-1\" value=\"\" placeholder=\"Full Name\" id=\"forminator-field-name-1_69f6007ed5b88\" class=\"forminator-input forminator-name--field\" aria-required=\"true\" \/><\/div><\/div><\/div><div class=\"forminator-row\"><div id=\"email-1\" class=\"forminator-field-email forminator-col forminator-col-12 \"><div class=\"forminator-field\"><label for=\"forminator-field-email-1_69f6007ed5b88\" id=\"forminator-field-email-1_69f6007ed5b88-label\" class=\"forminator-label\">Email Address <span class=\"forminator-required\">*<\/span><\/label><input type=\"email\" name=\"email-1\" value=\"\" placeholder=\"Email Address\" id=\"forminator-field-email-1_69f6007ed5b88\" class=\"forminator-input forminator-email--field\" data-required=\"true\" aria-required=\"true\" \/><\/div><\/div><\/div><div class=\"forminator-row\"><div id=\"phone-1\" class=\"forminator-field-phone forminator-col forminator-col-12 \"><div class=\"forminator-field\"><label for=\"forminator-field-phone-1_69f6007ed5b88\" id=\"forminator-field-phone-1_69f6007ed5b88-label\" class=\"forminator-label\">Phone Number <span class=\"forminator-required\">*<\/span><\/label><input type=\"text\" name=\"phone-1\" value=\"\" placeholder=\"Phone Number\" id=\"forminator-field-phone-1_69f6007ed5b88\" class=\"forminator-input forminator-field--phone\" data-required=\"1\" aria-required=\"true\" autocomplete=\"off\" data-national_mode=\"disabled\" data-country=\"GR\" data-validation=\"international\" \/><\/div><\/div><\/div><div class=\"forminator-row\"><div id=\"select-2\" class=\"forminator-field-select forminator-col forminator-col-12 \"><div class=\"forminator-field\"><label for=\"forminator-form-1631__field--select-2_69f6007ed5b88\" id=\"forminator-form-1631__field--select-2_69f6007ed5b88-label\" class=\"forminator-label\">BIKES &amp; ATVs <span class=\"forminator-required\">*<\/span><\/label><select  id=\"forminator-form-1631__field--select-2_69f6007ed5b88\" class=\"forminator-select--field forminator-select2 forminator-select2-multiple\" data-required=\"1\" name=\"select-2\" data-default-value=\"\" data-placeholder=\"...\" data-search=\"false\" data-search-placeholder=\"...\" data-checkbox=\"false\" data-allow-clear=\"false\" aria-labelledby=\"forminator-form-1631__field--select-2_69f6007ed5b88-label\"><option value=\"\"  >...<\/option><option value=\"50cc - Peugeot Tweet\"  data-calculation=\"0\">50cc - Peugeot Tweet<\/option><option value=\"50cc - Peugeot Kisbee\"  data-calculation=\"0\">50cc - Peugeot Kisbee<\/option><option value=\"110cc - Honda Vision\"  data-calculation=\"0\">110cc - Honda Vision<\/option><option value=\"125cc - Honda Vision\"  data-calculation=\"0\">125cc - Honda Vision<\/option><option value=\"200cc - Peugeot Tweet\"  data-calculation=\"0\">200cc - Peugeot Tweet<\/option><option value=\"200cc - Piaggio Medley\"  data-calculation=\"0\">200cc - Piaggio Medley<\/option><option value=\"500cc \u2013 Honda NX\"  data-calculation=\"0\">500cc \u2013 Honda NX<\/option><option value=\"50cc - ATV (Automatic-Off road)\"  data-calculation=\"0\">50cc - ATV (Automatic-Off road)<\/option><option value=\"500cc - ATV\"  data-calculation=\"0\">500cc - ATV<\/option><option value=\"567cc - ATV\"  data-calculation=\"0\">567cc - ATV<\/option><option value=\"E-Bike (Ideal or Scott)\"  data-calculation=\"0\">E-Bike (Ideal or Scott)<\/option><option value=\"Bicycle\"  data-calculation=\"0\">Bicycle<\/option><\/select><\/div><\/div><\/div><div class=\"forminator-row\"><div id=\"date-1\" class=\"forminator-field-date forminator-col forminator-col-12 \"><div class=\"forminator-field\"><label for=\"forminator-field-date-1-picker_69f6007ed5b88\" id=\"forminator-field-date-1-picker_69f6007ed5b88-label\" class=\"forminator-label\">From: <span class=\"forminator-required\">*<\/span><\/label><div class=\"forminator-input-with-icon\"><span class=\"forminator-icon-calendar\" aria-hidden=\"true\"><\/span><input autocomplete=\"off\" type=\"text\" size=\"1\" name=\"date-1\" value=\"\" placeholder=\"Choose Date\" id=\"forminator-field-date-1-picker_69f6007ed5b88\" class=\"forminator-input forminator-datepicker\" data-required=\"1\" data-format=\"dd-mm-yy\" data-restrict-type=\"\" data-restrict=\"\" data-start-year=\"2026\" data-end-year=\"2126\" data-past-dates=\"enable\" data-start-of-week=\"1\" data-start-date=\"2026-05-02\" data-end-date=\"\" data-start-field=\"\" data-end-field=\"\" data-start-offset=\"\" data-end-offset=\"\" data-disable-date=\"\" data-disable-range=\"\" \/><\/div><\/div><\/div><\/div><div class=\"forminator-row\"><div id=\"date-2\" class=\"forminator-field-date forminator-col forminator-col-12 \"><div class=\"forminator-field\"><label for=\"forminator-field-date-2-picker_69f6007ed5b88\" id=\"forminator-field-date-2-picker_69f6007ed5b88-label\" class=\"forminator-label\">To: <span class=\"forminator-required\">*<\/span><\/label><div class=\"forminator-input-with-icon\"><span class=\"forminator-icon-calendar\" aria-hidden=\"true\"><\/span><input autocomplete=\"off\" type=\"text\" size=\"1\" name=\"date-2\" value=\"\" placeholder=\"Choose Date\" id=\"forminator-field-date-2-picker_69f6007ed5b88\" class=\"forminator-input forminator-datepicker\" data-required=\"1\" data-format=\"dd-mm-yy\" data-restrict-type=\"\" data-restrict=\"\" data-start-year=\"1926\" data-end-year=\"2126\" data-past-dates=\"enable\" data-start-of-week=\"1\" data-start-date=\"\" data-end-date=\"\" data-start-field=\"date-1\" data-end-field=\"\" data-start-offset=\"+_0_days\" data-end-offset=\"\" data-disable-date=\"\" data-disable-range=\"\" \/><\/div><\/div><\/div><\/div><div class=\"forminator-row\"><div id=\"checkbox-2\" class=\"forminator-field-checkbox forminator-col forminator-col-12 \"><div role=\"group\" class=\"forminator-field\" aria-labelledby=\"forminator-checkbox-group-69f6007ed5b88-label\"><span id=\"forminator-checkbox-group-69f6007ed5b88-label\" class=\"forminator-label\">Airport Service<\/span><label id=\"forminator-field-checkbox-2-1-69f6007ed5b88-label\" for=\"forminator-field-checkbox-2-1-69f6007ed5b88\" class=\"forminator-checkbox\" title=\"CHANIA AIRPORT\"><input type=\"checkbox\" name=\"checkbox-2[]\" value=\"one\" id=\"forminator-field-checkbox-2-1-69f6007ed5b88\" aria-labelledby=\"forminator-field-checkbox-2-1-69f6007ed5b88-label\" data-calculation=\"0\"   data-hidden-behavior=\"zero\"\/><span class=\"forminator-checkbox-box\" aria-hidden=\"true\"><\/span><span class=\"forminator-checkbox-label\">CHANIA AIRPORT<\/span><\/label><label id=\"forminator-field-checkbox-2-2-69f6007ed5b88-label\" for=\"forminator-field-checkbox-2-2-69f6007ed5b88\" class=\"forminator-checkbox\" title=\"HERAKLION AIRPORT\"><input type=\"checkbox\" name=\"checkbox-2[]\" value=\"HERAKLION-AIRPORT\" id=\"forminator-field-checkbox-2-2-69f6007ed5b88\" aria-labelledby=\"forminator-field-checkbox-2-2-69f6007ed5b88-label\" data-calculation=\"0\"   data-hidden-behavior=\"zero\"\/><span class=\"forminator-checkbox-box\" aria-hidden=\"true\"><\/span><span class=\"forminator-checkbox-label\">HERAKLION AIRPORT<\/span><\/label><\/div><\/div><\/div><div class=\"forminator-row\"><div id=\"number-1\" class=\"forminator-field-number forminator-col forminator-col-12 \"><div class=\"forminator-field\"><label for=\"forminator-field-number-1_69f6007ed5b88\" id=\"forminator-field-number-1_69f6007ed5b88-label\" class=\"forminator-label\">Adult Passengers <span class=\"forminator-required\">*<\/span><\/label><input name=\"number-1\" value=\"\" placeholder=\"E.g. 2\" id=\"forminator-field-number-1_69f6007ed5b88\" class=\"forminator-input forminator-number--field\" inputmode=\"decimal\" data-required=\"1\" data-decimals=\"0\" aria-required=\"true\" data-inputmask=\"&#039;groupSeparator&#039;: &#039;&#039;, &#039;radixPoint&#039;: &#039;&#039;, &#039;digits&#039;: &#039;0&#039;\" type=\"number\" step=\"any\" min=\"1\" max=\"2\" \/><\/div><\/div><\/div><div class=\"forminator-row\"><div id=\"number-2\" class=\"forminator-field-number forminator-col forminator-col-12 \"><div class=\"forminator-field\"><label for=\"forminator-field-number-2_69f6007ed5b88\" id=\"forminator-field-number-2_69f6007ed5b88-label\" class=\"forminator-label\">Children Passengers<\/label><input name=\"number-2\" value=\"\" placeholder=\"E.g. 2\" id=\"forminator-field-number-2_69f6007ed5b88\" class=\"forminator-input forminator-number--field\" inputmode=\"decimal\" data-required=\"\" data-decimals=\"0\" aria-required=\"false\" data-inputmask=\"&#039;groupSeparator&#039;: &#039;&#039;, &#039;radixPoint&#039;: &#039;&#039;, &#039;digits&#039;: &#039;0&#039;\" type=\"number\" step=\"any\" min=\"0\" max=\"7\" \/><\/div><\/div><\/div><div class=\"forminator-row\"><div id=\"text-1\" class=\"forminator-field-text forminator-col forminator-col-12 \"><div class=\"forminator-field\"><label for=\"forminator-field-text-1_69f6007ed5b88\" id=\"forminator-field-text-1_69f6007ed5b88-label\" class=\"forminator-label\">Hotel \/ Accomodation<\/label><input type=\"text\" name=\"text-1\" value=\"\" placeholder=\"Where are you planing to stay?\" id=\"forminator-field-text-1_69f6007ed5b88\" class=\"forminator-input forminator-name--field\" data-required=\"\" \/><\/div><\/div><\/div><div class=\"forminator-row\"><div id=\"textarea-1\" class=\"forminator-field-textarea forminator-col forminator-col-12 \"><div class=\"forminator-field\"><label for=\"forminator-field-textarea-1_69f6007ed5b88\" id=\"forminator-field-textarea-1_69f6007ed5b88-label\" class=\"forminator-label\">Message<\/label><textarea name=\"textarea-1\" placeholder=\"Enter your message...\" id=\"forminator-field-textarea-1_69f6007ed5b88\" class=\"forminator-textarea\" rows=\"6\" style=\"min-height:100px;\" maxlength=\"800\" ><\/textarea><span id=\"forminator-field-textarea-1_69f6007ed5b88-description\" class=\"forminator-description\"><span data-limit=\"800\" data-type=\"characters\" data-editor=\"\">0 \/ 800<\/span><\/span><\/div><\/div><\/div><input type=\"hidden\" name=\"referer_url\" value=\"\" \/><div class=\"forminator-row forminator-row-last\"><div class=\"forminator-col\"><div class=\"forminator-field\"><button class=\"forminator-button forminator-button-submit style=&quot;`align:center&quot;\"><span>Send<\/span><span aria-hidden=\"true\"><\/span><\/button><\/div><\/div><\/div><input type=\"hidden\" id=\"forminator_nonce\" name=\"forminator_nonce\" value=\"032fe14382\" \/><input type=\"hidden\" name=\"_wp_http_referer\" value=\"\/fr\/wp-json\/wp\/v2\/pages\/43\" \/><input type=\"hidden\" name=\"form_id\" value=\"1631\"><input type=\"hidden\" name=\"page_id\" value=\"43\"><input type=\"hidden\" name=\"form_type\" value=\"default\"><input type=\"hidden\" name=\"current_url\" value=\"https:\/\/ethon.gr\/fr\/rent-a-bike\/\"><input type=\"hidden\" name=\"render_id\" value=\"0\"><input type=\"hidden\" name=\"action\" value=\"forminator_submit_form_custom-forms\"><\/form>\n<p><strong>Email: ethon@otenet.gr<\/strong><\/p>\n<p><strong>Tel: +30 28250 61 432<\/strong><\/p>\n<p><strong>Address: Georgioupolis, GR 73007 Chania &#8211; Crete<\/strong><\/p>\n<p><strong>Ethon General Tourist Office<\/strong><\/p>\n<p>AUTHORISATION NUMBER:\u00a01042E81000144400<\/p>\n<p><strong>\u00a9 <\/strong><strong>ETHON SKOUVAS IKE<\/strong><\/p>\n","protected":false},"excerpt":{"rendered":"<p>Location de moto Cat\u00e9gories: 50cc Peugeot Tweet 50cc Peugeot Kisbee 50cc 125cc Honda Vision 125cc 200cc Peugeot Tweet 200cc Piaggio Medley 200cc 500cc Honda NX 500cc 800cc Buggy 800cc -quad- ATV 50cc Automatic ATV 500cc ATV 567cc -v\u00e9lo- E-Bike E-Bike IDEAL E-Bike SCOTT Bicyclette Scott R\u00c9SERVER UN V\u00c9LO Vous pouvez \u00e9galement vous rendre \u00e0 notre &#8230; <a title=\"Location de moto\" class=\"read-more\" href=\"https:\/\/ethon.gr\/fr\/rent-a-bike\/\" aria-label=\"Read more about Location de moto\">Read more<\/a><\/p>\n","protected":false},"author":1,"featured_media":0,"parent":0,"menu_order":0,"comment_status":"closed","ping_status":"closed","template":"","meta":{"footnotes":""},"class_list":["post-43","page","type-page","status-publish"],"translation":{"provider":"WPGlobus","version":"3.0.0","language":"fr","enabled_languages":["en","de","fr"],"languages":{"en":{"title":true,"content":true,"excerpt":false},"de":{"title":true,"content":true,"excerpt":false},"fr":{"title":true,"content":true,"excerpt":false}}},"aioseo_notices":[],"_links":{"self":[{"href":"https:\/\/ethon.gr\/fr\/wp-json\/wp\/v2\/pages\/43","targetHints":{"allow":["GET"]}}],"collection":[{"href":"https:\/\/ethon.gr\/fr\/wp-json\/wp\/v2\/pages"}],"about":[{"href":"https:\/\/ethon.gr\/fr\/wp-json\/wp\/v2\/types\/page"}],"author":[{"embeddable":true,"href":"https:\/\/ethon.gr\/fr\/wp-json\/wp\/v2\/users\/1"}],"replies":[{"embeddable":true,"href":"https:\/\/ethon.gr\/fr\/wp-json\/wp\/v2\/comments?post=43"}],"version-history":[{"count":522,"href":"https:\/\/ethon.gr\/fr\/wp-json\/wp\/v2\/pages\/43\/revisions"}],"predecessor-version":[{"id":3927,"href":"https:\/\/ethon.gr\/fr\/wp-json\/wp\/v2\/pages\/43\/revisions\/3927"}],"wp:attachment":[{"href":"https:\/\/ethon.gr\/fr\/wp-json\/wp\/v2\/media?parent=43"}],"curies":[{"name":"wp","href":"https:\/\/api.w.org\/{rel}","templated":true}]}}