{"id":456,"date":"2022-05-18T20:58:00","date_gmt":"2022-05-18T20:58:00","guid":{"rendered":"https:\/\/ethon.gr\/?page_id=456"},"modified":"2025-04-28T20:29:48","modified_gmt":"2025-04-28T22:29:48","slug":"home","status":"publish","type":"page","link":"https:\/\/ethon.gr\/fr\/","title":{"rendered":"Page d&#8217;accueil"},"content":{"rendered":"<h1>Ethon Rent a Car &amp; Bike<\/h1>\n<p>Ethon Rent &#8211; Louer une voiture, Excursions et Safari<\/p>\n<p>\t\t\t\t\t<a href=\"https:\/\/ethon.gr\/neo\/fr\/contact\/#reservation\" target=\"_blank\"><br \/>\n\t\t\t\t\t\t\t\t\tR\u00e9servation<br \/>\n\t\t\t\t\t<\/a><\/p>\n<h2>Notre offre<\/h2>\n<p>\t\t\t\t\t\t\t\t<a data-elementor-open-lightbox=\"yes\" data-elementor-lightbox-slideshow=\"aaf9f45\" data-e-action-hash=\"#elementor-action%3Aaction%3Dlightbox%26settings%3DeyJpZCI6NTQyLCJ1cmwiOiJodHRwczpcL1wvZXRob24uZ3JcL3dwLWNvbnRlbnRcL3VwbG9hZHNcLzIwMjJcLzA1XC9QZXVnZW90LTEwOC1DYWJyaW8uanBnIiwic2xpZGVzaG93IjoiYWFmOWY0NSJ9\" href=\"https:\/\/ethon.gr\/neo\/fr\/rent-a-car\/\"><\/p>\n<figure><img decoding=\"async\" src=\"https:\/\/ethon.gr\/wp-content\/uploads\/elementor\/thumbs\/Peugeot-108-Cabrio-pp7cp0qaa9cw8chkguw7zcebymuexj97dgoz03237c.jpg\" alt=\"Peugeot 108 Cabrio\" \/><\/figure>\n<p><\/a><a data-elementor-open-lightbox=\"yes\" data-elementor-lightbox-slideshow=\"aaf9f45\" data-e-action-hash=\"#elementor-action%3Aaction%3Dlightbox%26settings%3DeyJpZCI6ODE1LCJ1cmwiOiJodHRwczpcL1wvZXRob24uZ3JcL3dwLWNvbnRlbnRcL3VwbG9hZHNcLzIwMjJcLzA1XC9GaWF0LVBhbmRhLTEuMS0yLmpwZyIsInNsaWRlc2hvdyI6ImFhZjlmNDUifQ%3D%3D\" href=\"https:\/\/ethon.gr\/neo\/fr\/rent-a-car\/\"><\/p>\n<figure><img decoding=\"async\" src=\"https:\/\/ethon.gr\/wp-content\/uploads\/elementor\/thumbs\/Fiat-Panda-1.1-2-ppb06n0hrfbq5qn4ghoe8byft5ftfue7upaazuh29k.jpg\" alt=\"Fiat-Panda-1.1.jpg\" \/><\/figure>\n<p><\/a><a data-elementor-open-lightbox=\"yes\" data-elementor-lightbox-slideshow=\"aaf9f45\" data-e-action-hash=\"#elementor-action%3Aaction%3Dlightbox%26settings%3DeyJpZCI6NTE1LCJ1cmwiOiJodHRwczpcL1wvZXRob24uZ3JcL3dwLWNvbnRlbnRcL3VwbG9hZHNcLzIwMjJcLzA1XC9GaWF0LURvYmxvLTctU2VhdHMuanBnIiwic2xpZGVzaG93IjoiYWFmOWY0NSJ9\" href=\"https:\/\/ethon.gr\/neo\/fr\/rent-a-car\/\"><\/p>\n<figure><img decoding=\"async\" src=\"https:\/\/ethon.gr\/wp-content\/uploads\/elementor\/thumbs\/Fiat-Doblo-7-Seats-pp7cnegaij548iu7x5pcor3r4qtnoatuhg8v8xghx4.jpg\" alt=\"Fiat Doblo 7 Seats\" \/><\/figure>\n<p><\/a><a data-elementor-open-lightbox=\"yes\" data-elementor-lightbox-slideshow=\"aaf9f45\" data-e-action-hash=\"#elementor-action%3Aaction%3Dlightbox%26settings%3DeyJpZCI6NTM4LCJ1cmwiOiJodHRwczpcL1wvZXRob24uZ3JcL3dwLWNvbnRlbnRcL3VwbG9hZHNcLzIwMjJcLzA1XC9PcGVsLUFzdHJhLUNhYnJpby0xLjYuanBnIiwic2xpZGVzaG93IjoiYWFmOWY0NSJ9\" href=\"https:\/\/ethon.gr\/neo\/fr\/rent-a-car\/\"><\/p>\n<figure><img decoding=\"async\" src=\"https:\/\/ethon.gr\/wp-content\/uploads\/elementor\/thumbs\/Opel-Astra-Cabrio-1.6-pp7cos9qkr1bbutuu98kuwj6m60409bmcatlolemrc.jpg\" alt=\"Opel Astra Cabrio 1.6\" \/><\/figure>\n<p><\/a><a data-elementor-open-lightbox=\"yes\" data-elementor-lightbox-slideshow=\"aaf9f45\" data-e-action-hash=\"#elementor-action%3Aaction%3Dlightbox%26settings%3DeyJpZCI6ODE3LCJ1cmwiOiJodHRwczpcL1wvZXRob24uZ3JcL3dwLWNvbnRlbnRcL3VwbG9hZHNcLzIwMjJcLzA1XC9DaGV2cm9sZXQtTWF0aXotT3Blbi0xLmpwZyIsInNsaWRlc2hvdyI6ImFhZjlmNDUifQ%3D%3D\" href=\"https:\/\/ethon.gr\/neo\/fr\/rent-a-car\/\"><\/p>\n<figure><img decoding=\"async\" src=\"https:\/\/ethon.gr\/wp-content\/uploads\/elementor\/thumbs\/Chevrolet-Matiz-Open-1-ppb06n0hrfbq5qn4ghoe8byft5ftfue7upaazuh29k.jpg\" alt=\"Chevrolet-Matiz-Open.jpg\" \/><\/figure>\n<p><\/a>\t\t\t<\/p>\n<h3><a href=\"https:\/\/ethon.gr\/neo\/fr\/rent-a-car\/\">Louer une voiture<\/a><\/h3>\n<p>Nous offrons des prix avantageux sur tous les types de voitures, y compris les voitures de luxe, les minivans, les minibus, les SUV, les voitures manuelles, automatiques ou ouvertes, le choix vous appartient. Avec un service multilingue ouvert 7 jours sur 7, nous pouvons vous trouver les meilleurs prix de location de voitures quand vous le souhaitez !<\/p>\n<p>\t\t\t\t\t\t\t\t<a data-elementor-open-lightbox=\"yes\" data-elementor-lightbox-slideshow=\"e36e01c\" data-e-action-hash=\"#elementor-action%3Aaction%3Dlightbox%26settings%3DeyJpZCI6NjM5LCJ1cmwiOiJodHRwczpcL1wvZXRob24uZ3JcL3dwLWNvbnRlbnRcL3VwbG9hZHNcLzIwMjJcLzA1XC9ZYW1haGEtWFQtNjYwLmpwZyIsInNsaWRlc2hvdyI6ImUzNmUwMWMifQ%3D%3D\" href=\"https:\/\/ethon.gr\/neo\/fr\/rent-a-bike\/\"><\/p>\n<figure><img decoding=\"async\" src=\"https:\/\/ethon.gr\/wp-content\/uploads\/elementor\/thumbs\/Yamaha-XT-660-pp90120v3nfhrjryio68otmthslfvw64puykttxpdk.jpg\" alt=\"Yamaha XT 660\" \/><\/figure>\n<p><\/a><a data-elementor-open-lightbox=\"yes\" data-elementor-lightbox-slideshow=\"e36e01c\" data-e-action-hash=\"#elementor-action%3Aaction%3Dlightbox%26settings%3DeyJpZCI6NjM3LCJ1cmwiOiJodHRwczpcL1wvZXRob24uZ3JcL3dwLWNvbnRlbnRcL3VwbG9hZHNcLzIwMjJcLzA1XC9TWU0tU3ltcGhvbnktMTI1LmpwZyIsInNsaWRlc2hvdyI6ImUzNmUwMWMifQ%3D%3D\" href=\"https:\/\/ethon.gr\/neo\/fr\/rent-a-bike\/\"><\/p>\n<figure><img decoding=\"async\" src=\"https:\/\/ethon.gr\/wp-content\/uploads\/elementor\/thumbs\/SYM-Symphony-125-pp900y9icbach3xf4mjqeukz493z13r7dccmwq3a2g.jpg\" alt=\"SYM Symphony 125\" \/><\/figure>\n<p><\/a><a data-elementor-open-lightbox=\"yes\" data-elementor-lightbox-slideshow=\"e36e01c\" data-e-action-hash=\"#elementor-action%3Aaction%3Dlightbox%26settings%3DeyJpZCI6NjI5LCJ1cmwiOiJodHRwczpcL1wvZXRob24uZ3JcL3dwLWNvbnRlbnRcL3VwbG9hZHNcLzIwMjJcLzA1XC9QaWFnZ2lvLUJldmVybHktMjUwLmpwZyIsInNsaWRlc2hvdyI6ImUzNmUwMWMifQ%3D%3D\" href=\"https:\/\/ethon.gr\/neo\/fr\/rent-a-bike\/\"><\/p>\n<figure><img decoding=\"async\" src=\"https:\/\/ethon.gr\/wp-content\/uploads\/elementor\/thumbs\/Piaggio-Beverly-250-pp90054igg6gh73quryarjxopb3lehjixc4l15ahfc.jpg\" alt=\"Piaggio Beverly 250\" \/><\/figure>\n<p><\/a><a data-elementor-open-lightbox=\"yes\" data-elementor-lightbox-slideshow=\"e36e01c\" data-e-action-hash=\"#elementor-action%3Aaction%3Dlightbox%26settings%3DeyJpZCI6NjMzLCJ1cmwiOiJodHRwczpcL1wvZXRob24uZ3JcL3dwLWNvbnRlbnRcL3VwbG9hZHNcLzIwMjJcLzA1XC9QaWFnZ2lvLUxpYmVydHktMTI1LmpwZyIsInNsaWRlc2hvdyI6ImUzNmUwMWMifQ%3D%3D\" href=\"https:\/\/ethon.gr\/neo\/fr\/rent-a-bike\/\"><\/p>\n<figure><img decoding=\"async\" src=\"https:\/\/ethon.gr\/wp-content\/uploads\/elementor\/thumbs\/Piaggio-Liberty-125-pp900hcexan6o4lzvf8g5yuofbfd6jw1b0lw9qsd6g.jpg\" alt=\"Piaggio Liberty 125\" \/><\/figure>\n<p><\/a>\t\t\t<\/p>\n<h3><a href=\"https:\/\/ethon.gr\/neo\/fr\/rent-a-car\/\">Louer une moto<\/a><\/h3>\n<p>Location de v\u00e9los ou de motos \u00e0 Georgioupolis &#8211; Apokoronas, Nous proposons des prix tr\u00e8s int\u00e9ressants sur tous les types de motos, y compris les motos de rue, les enduros, les cyclomoteurs, les Vespa, les 4 roues, automatiques ou manuelles, dans de nombreuses couleurs attrayantes, le choix vous appartient !<\/p>\n<p>\t\t\t\t\t\t\t\t<a data-elementor-open-lightbox=\"yes\" data-elementor-lightbox-slideshow=\"22af5ad\" data-e-action-hash=\"#elementor-action%3Aaction%3Dlightbox%26settings%3DeyJpZCI6OTIyLCJ1cmwiOiJodHRwczpcL1wvZXRob24uZ3JcL3dwLWNvbnRlbnRcL3VwbG9hZHNcLzIwMjJcLzA1XC9iYWxvcy1ncmFtdm91c2EuanBlZyIsInNsaWRlc2hvdyI6IjIyYWY1YWQifQ%3D%3D\" href=\"https:\/\/ethon.gr\/neo\/fr\/excursions\/\"><\/p>\n<figure><img decoding=\"async\" src=\"https:\/\/ethon.gr\/wp-content\/uploads\/elementor\/thumbs\/balos-gramvousa-ppdwsgowjgge8qklosf08jf53m64p5gfxsw4pcujso.jpeg\" alt=\"balos-gramvousa\" \/><\/figure>\n<p><\/a><a data-elementor-open-lightbox=\"yes\" data-elementor-lightbox-slideshow=\"22af5ad\" data-e-action-hash=\"#elementor-action%3Aaction%3Dlightbox%26settings%3DeyJpZCI6OTExLCJ1cmwiOiJodHRwczpcL1wvZXRob24uZ3JcL3dwLWNvbnRlbnRcL3VwbG9hZHNcLzIwMjJcLzA1XC9TcGlsaS5qcGciLCJzbGlkZXNob3ciOiIyMmFmNWFkIn0%3D\" href=\"https:\/\/ethon.gr\/neo\/fr\/excursions\/\"><\/p>\n<figure><img decoding=\"async\" src=\"https:\/\/ethon.gr\/wp-content\/uploads\/elementor\/thumbs\/Spili-ppdwgh8zei1s7pzao3x8y2akfr8nk2vnahg9fcm94o.jpg\" alt=\"Spili\" \/><\/figure>\n<p><\/a><a data-elementor-open-lightbox=\"yes\" data-elementor-lightbox-slideshow=\"22af5ad\" data-e-action-hash=\"#elementor-action%3Aaction%3Dlightbox%26settings%3DeyJpZCI6OTA5LCJ1cmwiOiJodHRwczpcL1wvZXRob24uZ3JcL3dwLWNvbnRlbnRcL3VwbG9hZHNcLzIwMjJcLzA1XC9TYW1hcmlhLUdvcmdlLmpwZyIsInNsaWRlc2hvdyI6IjIyYWY1YWQifQ%3D%3D\" href=\"https:\/\/ethon.gr\/neo\/fr\/excursions\/\"><\/p>\n<figure><img decoding=\"async\" src=\"https:\/\/ethon.gr\/wp-content\/uploads\/elementor\/thumbs\/Samaria-Gorge-ppdwgefgtzxx8w3e4kpd8l06nlmjwzkga3hsziqfnc.jpg\" alt=\"Samaria Gorge\" \/><\/figure>\n<p><\/a><a data-elementor-open-lightbox=\"yes\" data-elementor-lightbox-slideshow=\"22af5ad\" data-e-action-hash=\"#elementor-action%3Aaction%3Dlightbox%26settings%3DeyJpZCI6OTA2LCJ1cmwiOiJodHRwczpcL1wvZXRob24uZ3JcL3dwLWNvbnRlbnRcL3VwbG9hZHNcLzIwMjJcLzA1XC9Lb3VybmFzLUxha2UuanBnIiwic2xpZGVzaG93IjoiMjJhZjVhZCJ9\" href=\"https:\/\/ethon.gr\/neo\/fr\/excursions\/\"><\/p>\n<figure><img decoding=\"async\" src=\"https:\/\/ethon.gr\/wp-content\/uploads\/elementor\/thumbs\/Kournas-Lake-ppdwg5yx4hmccefohz1q4551b4s8zpmv8xmfo12z7c.jpg\" alt=\"Kournas Lake\" \/><\/figure>\n<p><\/a><a data-elementor-open-lightbox=\"yes\" data-elementor-lightbox-slideshow=\"22af5ad\" data-e-action-hash=\"#elementor-action%3Aaction%3Dlightbox%26settings%3DeyJpZCI6ODk5LCJ1cmwiOiJodHRwczpcL1wvZXRob24uZ3JcL3dwLWNvbnRlbnRcL3VwbG9hZHNcLzIwMjJcLzA1XC9BcmthZGkuanBnIiwic2xpZGVzaG93IjoiMjJhZjVhZCJ9\" href=\"https:\/\/ethon.gr\/neo\/fr\/excursions\/\"><\/p>\n<figure><img decoding=\"async\" src=\"https:\/\/ethon.gr\/wp-content\/uploads\/elementor\/thumbs\/Arkadi-ppdwfpznwb0gv12w3a52fr677kz0cuvfiqj6ibqo54.jpg\" alt=\"Arkadi\" \/><\/figure>\n<p><\/a><a data-elementor-open-lightbox=\"yes\" data-elementor-lightbox-slideshow=\"22af5ad\" data-e-action-hash=\"#elementor-action%3Aaction%3Dlightbox%26settings%3DeyJpZCI6ODk4LCJ1cmwiOiJodHRwczpcL1wvZXRob24uZ3JcL3dwLWNvbnRlbnRcL3VwbG9hZHNcLzIwMjJcLzA1XC9BZ2lvcy1OaWtvbGFvcy5qcGciLCJzbGlkZXNob3ciOiIyMmFmNWFkIn0%3D\" href=\"https:\/\/ethon.gr\/neo\/fr\/excursions\/\"><\/p>\n<figure><img decoding=\"async\" src=\"https:\/\/ethon.gr\/wp-content\/uploads\/elementor\/thumbs\/Agios-Nikolaos-ppdwfp1tpgz6jf498rqfv9eqm73n55rp6lvp11s2bc.jpg\" alt=\"Agios Nikolaos\" \/><\/figure>\n<p><\/a>\t\t\t<\/p>\n<h3><a href=\"https:\/\/ethon.gr\/neo\/fr\/excursions\/\">Excursions<\/a><\/h3>\n<p>Organisant vos excursions en Cr\u00e8te, &#8220;Ethon&#8221; est l&#8217;une des principales agences de Chania &#8211; Cr\u00e8te. Nos prix avantageux pour les destinations les plus c\u00e9l\u00e8bres de Cr\u00e8te et de Santorin, ainsi que notre service d&#8217;\u00e9change \u00e0 bas prix, rendront vos vacances inoubliables !<\/p>\n<h2>\n<h2 data-elementor-setting-key=\"title\" data-pen-placeholder=\"Type Here...\" style=\"font-family: var( --e-global-typography-primary-font-family ), Sans-serif; font-style: normal; font-weight: var( --e-global-typography-primary-font-weight );\">\u00c0 propos de nous<\/h2>\n<\/h2>\n<p>NOUS FOURNISSONS LES MEILLEURS SERVICES POUR VOS VACANCES DEPUIS 1990.<\/p>\n<figure><img decoding=\"async\" src=\"https:\/\/ethon.gr\/wp-content\/uploads\/elementor\/thumbs\/Office_222-scaled-ppv195ptpvddw6lqcm7gcdae5leuvs4rp8ltmxzvs0.jpg\" alt=\"Office\" \/><\/figure>\n<figure><img decoding=\"async\" src=\"https:\/\/ethon.gr\/wp-content\/uploads\/elementor\/thumbs\/Yamaha-XT-660-pp90120wbi7xdjxoxl1eswh6j4t2jndulnjqz8exeo.jpg\" alt=\"Yamaha XT 660\" \/><\/figure>\n<figure><img decoding=\"async\" src=\"https:\/\/ethon.gr\/wp-content\/uploads\/elementor\/thumbs\/Scott-pp900vg0znyx4a790070tg4ydfpi1rnq8qzcmaoom8.jpg\" alt=\"Scott\" \/><\/figure>\n<figure><img decoding=\"async\" src=\"https:\/\/ethon.gr\/wp-content\/uploads\/elementor\/thumbs\/Piaggio-Fly-100-pp900fgrrhd1mwuglbad52649vw9ewwaijw3glcdk0.jpg\" alt=\"Piaggio Fly 100\" \/><\/figure>\n<figure><img decoding=\"async\" src=\"https:\/\/ethon.gr\/wp-content\/uploads\/elementor\/thumbs\/Chevrolet-Matiz-Open-1-ppb06n0iza45rqsuvejkcessuhng3llxqhvh58yaao.jpg\" alt=\"Chevrolet-Matiz-Open.jpg\" \/><\/figure>\n<p>\t\t\t\t\t\t\t\t\t\t\t\t<a tabindex=\"0\">Location de voitures &#8211; de v\u00e9los &#8211; de VTT &#8211; de bicyclettes<\/a><\/p>\n<ul>\n<li style=\"list-style-type: none; color: white;\">\n<ul>\n<li>Louer une voiture<\/li>\n<li>Louer un scooter<\/li>\n<li>Louer une moto<\/li>\n<li>Louer un VTT<\/li>\n<li>Louer un v\u00e9lo<\/li>\n<li>Louer un E-Bike<\/li>\n<\/ul>\n<\/li>\n<\/ul>\n<p>\t\t\t\t\t\t\t\t\t\t\t\t<a tabindex=\"0\">Assurance compl\u00e8te<\/a><\/p>\n<ul>\n<li style=\"list-style-type: none;\">\n<ul>\n<li>Assurance accidents personnels incluse<\/li>\n<\/ul>\n<\/li>\n<\/ul>\n<ul>\n<li style=\"list-style-type: none;\">\n<ul>\n<li>Assurance dommages-collision incluse<\/li>\n<\/ul>\n<\/li>\n<\/ul>\n<p>\t\t\t\t\t\t\t\t\t\t\t\t<a tabindex=\"0\">Kilom\u00e8tres libres<\/a><\/p>\n<ul>\n<li style=\"list-style-type: none;\">\n<ul>\n<li>Kilom\u00e8tres illimit\u00e9s<\/li>\n<\/ul>\n<\/li>\n<\/ul>\n<p>\t\t\t\t\t\t\t\t\t\t\t\t<a tabindex=\"0\">Carte routi\u00e8re<\/a><\/p>\n<ul>\n<li style=\"list-style-type: none;\">\n<ul>\n<li>Toutes nos voitures et nos v\u00e9los sont \u00e9quip\u00e9s d&#8217;une carte routi\u00e8re.<\/li>\n<\/ul>\n<\/li>\n<\/ul>\n<p>\t\t\t\t\t\t\t\t\t\t\t\t<a tabindex=\"0\">S\u00e9curit\u00e9<\/a><\/p>\n<ul>\n<li style=\"list-style-type: none;\">\n<ul>\n<li>Toutes nos voitures sont \u00e9quip\u00e9es de ceintures de s\u00e9curit\u00e9.<\/li>\n<\/ul>\n<\/li>\n<li style=\"list-style-type: none;\">\u00a0\n<ul>\n<li>Lorsque vous louez l&#8217;un de nos scooters, v\u00e9los ou VTT, un casque est inclus.<\/li>\n<\/ul>\n<\/li>\n<li style=\"list-style-type: none;\">\u00a0\n<ul>\n<li>Si\u00e8ge b\u00e9b\u00e9 disponible sur demande.<\/li>\n<\/ul>\n<\/li>\n<\/ul>\n<figure><img decoding=\"async\" src=\"https:\/\/ethon.gr\/wp-content\/uploads\/elementor\/thumbs\/Office_3-scaled-ppv18524bbz7be2zaod054jezkfjjl38k75vx5i8io.jpg\" alt=\"Office\" \/><\/figure>\n<figure><img decoding=\"async\" src=\"https:\/\/ethon.gr\/wp-content\/uploads\/elementor\/thumbs\/balos-gramvousa-ppdwsgoxrb8tuqqc3pa6cm9i4ydrcwo5tlhaurbrts.jpeg\" alt=\"balos-gramvousa\" \/><\/figure>\n<figure><img decoding=\"async\" src=\"https:\/\/ethon.gr\/wp-content\/uploads\/elementor\/thumbs\/Kournas-Lake-ppdwg5yycceryelewvww87zecgzvngul4q7ltfk78g.jpg\" alt=\"Kournas Lake\" \/><\/figure>\n<p>\t\t\t\t\t\t\t\t\t\t\t\t<a tabindex=\"0\">Excursions<\/a><\/p>\n<ul>\n<li style=\"list-style-type: none;\">\n<ul>\n<li>Nous proposons \u00e9galement des excursions autour de notre belle \u00eele.<\/li>\n<\/ul>\n<\/li>\n<\/ul>\n<p>\t\t\t\t\t\t\t\t\t\t\t\t<a tabindex=\"0\">ATM<\/a><\/p>\n<ul>\n<li style=\"list-style-type: none;\">\n<ul>\n<li>Cartes de cr\u00e9dit accept\u00e9e.<\/li>\n<\/ul>\n<\/li>\n<\/ul>\n<p>\t\t\t\t\t\t\t\t\t\t\t\t<a tabindex=\"0\">ATV Safari<\/a><\/p>\n<ul>\n<li>Une incroyable exp\u00e9rience hors route !<\/li>\n<\/ul>\n<p>\t\t\t\t\t\t\t\t\t\t\t\t<a tabindex=\"0\">CARTE ROUTIERE<\/a><\/p>\n<ul>\n<li>Toutes nos voitures et nos v\u00e9los sont \u00e9quip\u00e9s d&#8217;une carte routi\u00e8re.<\/li>\n<\/ul>\n<p><strong>Email: ethon@otenet.gr<\/strong><\/p>\n<p><strong>Tel: +30 28250 61 432<\/strong><\/p>\n<p><strong>Address: Georgioupolis, GR 73007 Chania &#8211; Crete<\/strong><\/p>\n<p><strong>Ethon General Tourist Office<\/strong><\/p>\n<p>AUTHORISATION NUMBER:\u00a01042E81000144400<\/p>\n<p><strong>\u00a9 <\/strong><strong>ETHON SKOUVAS IKE<\/strong><\/p>\n","protected":false},"excerpt":{"rendered":"<p>Ethon Rent a Car &amp; Bike Ethon Rent &#8211; Louer une voiture, Excursions et Safari R\u00e9servation Notre offre Louer une voiture Nous offrons des prix avantageux sur tous les types de voitures, y compris les voitures de luxe, les minivans, les minibus, les SUV, les voitures manuelles, automatiques ou ouvertes, le choix vous appartient. Avec &#8230; <a title=\"Page d&#8217;accueil\" class=\"read-more\" href=\"https:\/\/ethon.gr\/fr\/\" aria-label=\"Read more about Page d&#8217;accueil\">Read more<\/a><\/p>\n","protected":false},"author":1,"featured_media":0,"parent":0,"menu_order":0,"comment_status":"closed","ping_status":"closed","template":"","meta":{"footnotes":""},"class_list":["post-456","page","type-page","status-publish"],"translation":{"provider":"WPGlobus","version":"3.0.0","language":"fr","enabled_languages":["en","de","fr"],"languages":{"en":{"title":true,"content":true,"excerpt":false},"de":{"title":true,"content":true,"excerpt":false},"fr":{"title":true,"content":true,"excerpt":false}}},"aioseo_notices":[],"_links":{"self":[{"href":"https:\/\/ethon.gr\/fr\/wp-json\/wp\/v2\/pages\/456","targetHints":{"allow":["GET"]}}],"collection":[{"href":"https:\/\/ethon.gr\/fr\/wp-json\/wp\/v2\/pages"}],"about":[{"href":"https:\/\/ethon.gr\/fr\/wp-json\/wp\/v2\/types\/page"}],"author":[{"embeddable":true,"href":"https:\/\/ethon.gr\/fr\/wp-json\/wp\/v2\/users\/1"}],"replies":[{"embeddable":true,"href":"https:\/\/ethon.gr\/fr\/wp-json\/wp\/v2\/comments?post=456"}],"version-history":[{"count":744,"href":"https:\/\/ethon.gr\/fr\/wp-json\/wp\/v2\/pages\/456\/revisions"}],"predecessor-version":[{"id":3570,"href":"https:\/\/ethon.gr\/fr\/wp-json\/wp\/v2\/pages\/456\/revisions\/3570"}],"wp:attachment":[{"href":"https:\/\/ethon.gr\/fr\/wp-json\/wp\/v2\/media?parent=456"}],"curies":[{"name":"wp","href":"https:\/\/api.w.org\/{rel}","templated":true}]}}